{"id":356,"date":"2025-12-25T15:35:49","date_gmt":"2025-12-25T15:35:49","guid":{"rendered":"https:\/\/bahiadronepro.com\/?page_id=356"},"modified":"2026-02-22T05:42:55","modified_gmt":"2026-02-22T05:42:55","slug":"videos-institucionais-drone","status":"publish","type":"page","link":"https:\/\/bahiadronepro.com\/pt-br\/videos-institucionais-drone\/","title":{"rendered":"V\u00eddeos Institucionais Drone"},"content":{"rendered":"<div data-elementor-type=\"wp-page\" data-elementor-id=\"356\" class=\"elementor elementor-356\">\n\t\t\t\t<div class=\"elementor-element elementor-element-eag88ey e-flex e-con-boxed e-con e-parent\" data-id=\"eag88ey\" data-element_type=\"container\" data-settings=\"{&quot;background_background&quot;:&quot;classic&quot;}\">\n\t\t\t\t\t<div class=\"e-con-inner\">\n\t\t\t\t\t<\/div>\n\t\t\t\t<\/div>\n\t\t<div class=\"elementor-element elementor-element-a56544b e-flex e-con-boxed e-con e-parent\" data-id=\"a56544b\" data-element_type=\"container\">\n\t\t\t\t\t<div class=\"e-con-inner\">\n\t\t\t\t<div class=\"elementor-element elementor-element-014f98d elementor-button-success elementor-align-center elementor-widget elementor-widget-button\" data-id=\"014f98d\" data-element_type=\"widget\" data-widget_type=\"button.default\">\n\t\t\t\t<div class=\"elementor-widget-container\">\n\t\t\t\t\t\t\t\t\t<div class=\"elementor-button-wrapper\">\n\t\t\t\t\t<a class=\"elementor-button elementor-button-link elementor-size-sm\" href=\"https:\/\/wa.me\/5571996954059?text=Ol%C3%A1%2C%20vim%20pela%20p%C3%A1gina%20Institucional%20da%20Bahia%20Drone%20Pro.%20Gostaria%20de%20um%20or%C3%A7amento%20para%20v%C3%ADdeo%20da%20minha%20empresa.\">\n\t\t\t\t\t\t<span class=\"elementor-button-content-wrapper\">\n\t\t\t\t\t\t\t\t\t<span class=\"elementor-button-text\">fale conosco<\/span>\n\t\t\t\t\t<\/span>\n\t\t\t\t\t<\/a>\n\t\t\t\t<\/div>\n\t\t\t\t\t\t\t\t<\/div>\n\t\t\t\t<\/div>\n\t\t\t\t\t<\/div>\n\t\t\t\t<\/div>\n\t\t<div class=\"elementor-element elementor-element-icy59bu e-flex e-con-boxed e-con e-parent\" data-id=\"icy59bu\" data-element_type=\"container\" data-settings=\"{&quot;background_background&quot;:&quot;classic&quot;}\">\n\t\t\t\t\t<div class=\"e-con-inner\">\n\t\t<div class=\"elementor-element elementor-element-e6150a2 e-con-full e-flex e-con e-child\" data-id=\"e6150a2\" data-element_type=\"container\">\n\t\t\t\t<div class=\"elementor-element elementor-element-9b85f4b elementor-widget elementor-widget-image\" data-id=\"9b85f4b\" data-element_type=\"widget\" data-widget_type=\"image.default\">\n\t\t\t\t<div class=\"elementor-widget-container\">\n\t\t\t\t\t\t\t\t\t\t\t\t\t\t\t<img data-opt-id=1571134297  fetchpriority=\"high\" decoding=\"async\" width=\"1280\" height=\"1831\" src=\"https:\/\/ml801byv6asm.i.optimole.com\/w:auto\/h:auto\/q:mauto\/f:best\/https:\/\/bahiadronepro.com\/wp-content\/uploads\/2025\/12\/photo-1613080218929-5e2e2f9f1e9c-1.jpg\" class=\"attachment-full size-full wp-image-294\" alt=\"Photo 1613080218929 5e2e2f9f1e9c 1\" srcset=\"https:\/\/ml801byv6asm.i.optimole.com\/w:1280\/h:1831\/q:mauto\/f:best\/https:\/\/bahiadronepro.com\/wp-content\/uploads\/2025\/12\/photo-1613080218929-5e2e2f9f1e9c-1.jpg 1280w, https:\/\/ml801byv6asm.i.optimole.com\/w:210\/h:300\/q:mauto\/f:best\/https:\/\/bahiadronepro.com\/wp-content\/uploads\/2025\/12\/photo-1613080218929-5e2e2f9f1e9c-1.jpg 210w, https:\/\/ml801byv6asm.i.optimole.com\/w:716\/h:1024\/q:mauto\/f:best\/https:\/\/bahiadronepro.com\/wp-content\/uploads\/2025\/12\/photo-1613080218929-5e2e2f9f1e9c-1.jpg 716w, https:\/\/ml801byv6asm.i.optimole.com\/w:8\/h:12\/q:mauto\/f:best\/dpr:2\/https:\/\/bahiadronepro.com\/wp-content\/uploads\/2025\/12\/photo-1613080218929-5e2e2f9f1e9c-1.jpg 8w\" sizes=\"(max-width: 1000px) 100vw, 1000px\" title=\"V\u00eddeos Institucionais Drone\">\t\t\t\t\t\t\t\t\t\t\t\t\t\t\t<\/div>\n\t\t\t\t<\/div>\n\t\t\t\t<\/div>\n\t\t<div class=\"elementor-element elementor-element-96bd502 e-con-full e-flex e-con e-child\" data-id=\"96bd502\" data-element_type=\"container\">\n\t\t\t\t<div class=\"elementor-element elementor-element-a3059cc elementor-widget-tablet__width-inherit elementor-widget elementor-widget-heading\" data-id=\"a3059cc\" data-element_type=\"widget\" data-widget_type=\"heading.default\">\n\t\t\t\t<div class=\"elementor-widget-container\">\n\t\t\t\t\t<h2 class=\"elementor-heading-title elementor-size-default\">Capture a Grandeza da Sua Marca com V\u00eddeos Institucionais A\u00e9reos<\/h2>\t\t\t\t<\/div>\n\t\t\t\t<\/div>\n\t\t\t\t<div class=\"elementor-element elementor-element-1707dfc elementor-widget elementor-widget-text-editor\" data-id=\"1707dfc\" data-element_type=\"widget\" data-widget_type=\"text-editor.default\">\n\t\t\t\t<div class=\"elementor-widget-container\">\n\t\t\t\t\t\t\t\t\t<p>Descubra como nossos v\u00eddeos institucionais em 4K elevam sua imagem corporativa com tecnologia drone e atendimento profissional.<\/p>\t\t\t\t\t\t\t\t<\/div>\n\t\t\t\t<\/div>\n\t\t\t\t<div class=\"elementor-element elementor-element-ef27828 elementor-widget elementor-widget-text-editor\" data-id=\"ef27828\" data-element_type=\"widget\" data-widget_type=\"text-editor.default\">\n\t\t\t\t<div class=\"elementor-widget-container\">\n\t\t\t\t\t\t\t\t\t<h3 class=\"wp-block-heading has-text-align-center\">Imagens A\u00e9reas Cinematogr\u00e1ficas em 4K<\/h3>\n<p><!-- \/wp:heading --><!-- wp:paragraph {\"align\":\"center\"} --><\/p>\n<p class=\"has-text-align-center\">Mostramos sua infraestrutura com detalhes e \u00e2ngulos \u00fanicos, valorizando a sofistica\u00e7\u00e3o e impon\u00eancia da sua empresa.<\/p>\t\t\t\t\t\t\t\t<\/div>\n\t\t\t\t<\/div>\n\t\t\t\t<div class=\"elementor-element elementor-element-4f74bc3 elementor-widget elementor-widget-text-editor\" data-id=\"4f74bc3\" data-element_type=\"widget\" data-widget_type=\"text-editor.default\">\n\t\t\t\t<div class=\"elementor-widget-container\">\n\t\t\t\t\t\t\t\t\t<h3 class=\"wp-block-heading has-text-align-center\">Seguran\u00e7a e Qualidade Garantidas<\/h3>\n<p><!-- \/wp:heading --><!-- wp:paragraph {\"align\":\"center\"} --><\/p>\n<p class=\"has-text-align-center\">Operamos com rigorosas normas de seguran\u00e7a para entregar v\u00eddeos de alta qualidade que refletem a confian\u00e7a da sua marca.<\/p>\t\t\t\t\t\t\t\t<\/div>\n\t\t\t\t<\/div>\n\t\t\t\t<div class=\"elementor-element elementor-element-650a9be elementor-widget elementor-widget-text-editor\" data-id=\"650a9be\" data-element_type=\"widget\" data-widget_type=\"text-editor.default\">\n\t\t\t\t<div class=\"elementor-widget-container\">\n\t\t\t\t\t\t\t\t\t<h3 class=\"wp-block-heading has-text-align-center\">Parceria Estrat\u00e9gica para Marketing<\/h3>\n<p><!-- \/wp:heading --><!-- wp:paragraph {\"align\":\"center\"} --><\/p>\n<p class=\"has-text-align-center\">Oferecemos solu\u00e7\u00f5es sob medida para ag\u00eancias e departamentos que buscam destacar seus projetos com inova\u00e7\u00e3o e profissionalismo.<\/p>\t\t\t\t\t\t\t\t<\/div>\n\t\t\t\t<\/div>\n\t\t\t\t<\/div>\n\t\t\t\t\t<\/div>\n\t\t\t\t<\/div>\n\t\t<div class=\"elementor-element elementor-element-6bf59dc e-flex e-con-boxed e-con e-parent\" data-id=\"6bf59dc\" data-element_type=\"container\">\n\t\t\t\t\t<div class=\"e-con-inner\">\n\t\t\t\t<div class=\"elementor-element elementor-element-4f106cd elementor-button-success elementor-align-center elementor-widget elementor-widget-button\" data-id=\"4f106cd\" data-element_type=\"widget\" data-widget_type=\"button.default\">\n\t\t\t\t<div class=\"elementor-widget-container\">\n\t\t\t\t\t\t\t\t\t<div class=\"elementor-button-wrapper\">\n\t\t\t\t\t<a class=\"elementor-button elementor-button-link elementor-size-sm\" href=\"https:\/\/wa.me\/5571996954059?text=Ol%C3%A1%2C%20vim%20pela%20p%C3%A1gina%20Institucional%20da%20Bahia%20Drone%20Pro.%20Gostaria%20de%20um%20or%C3%A7amento%20para%20v%C3%ADdeo%20da%20minha%20empresa.\">\n\t\t\t\t\t\t<span class=\"elementor-button-content-wrapper\">\n\t\t\t\t\t\t\t\t\t<span class=\"elementor-button-text\">solicite um or\u00e7amento<\/span>\n\t\t\t\t\t<\/span>\n\t\t\t\t\t<\/a>\n\t\t\t\t<\/div>\n\t\t\t\t\t\t\t\t<\/div>\n\t\t\t\t<\/div>\n\t\t\t\t\t<\/div>\n\t\t\t\t<\/div>\n\t\t<div class=\"elementor-element elementor-element-7qmpn89 e-flex e-con-boxed e-con e-parent\" data-id=\"7qmpn89\" data-element_type=\"container\" data-settings=\"{&quot;background_background&quot;:&quot;classic&quot;}\">\n\t\t\t\t\t<div class=\"e-con-inner\">\n\t\t\t\t<div class=\"elementor-element elementor-element-481e3a0 elementor-widget elementor-widget-heading\" data-id=\"481e3a0\" data-element_type=\"widget\" data-widget_type=\"heading.default\">\n\t\t\t\t<div class=\"elementor-widget-container\">\n\t\t\t\t\t<h2 class=\"elementor-heading-title elementor-size-default\">Descubra o Poder dos V\u00eddeos A\u00e9reos Institucionais<\/h2>\t\t\t\t<\/div>\n\t\t\t\t<\/div>\n\t\t\t\t\t<\/div>\n\t\t\t\t<\/div>\n\t\t<div class=\"elementor-element elementor-element-rmubh6o e-flex e-con-boxed e-con e-parent\" data-id=\"rmubh6o\" data-element_type=\"container\" data-settings=\"{&quot;background_background&quot;:&quot;classic&quot;}\">\n\t\t\t\t\t<div class=\"e-con-inner\">\n\t\t<div class=\"elementor-element elementor-element-1f7f824 e-con-full e-flex e-con e-child\" data-id=\"1f7f824\" data-element_type=\"container\">\n\t\t\t\t<div class=\"elementor-element elementor-element-8a22b56 elementor-widget elementor-widget-heading\" data-id=\"8a22b56\" data-element_type=\"widget\" data-widget_type=\"heading.default\">\n\t\t\t\t<div class=\"elementor-widget-container\">\n\t\t\t\t\t<h2 class=\"elementor-heading-title elementor-size-default\">Nossa expertise em imagens a\u00e9reas 4K oferece uma nova dimens\u00e3o para valorizar sua marca e infraestrutura corporativa.<\/h2>\t\t\t\t<\/div>\n\t\t\t\t<\/div>\n\t\t\t\t<div class=\"elementor-element elementor-element-70b1a4d elementor-widget elementor-widget-text-editor\" data-id=\"70b1a4d\" data-element_type=\"widget\" data-widget_type=\"text-editor.default\">\n\t\t\t\t<div class=\"elementor-widget-container\">\n\t\t\t\t\t\t\t\t\t<p><!-- \/wp:image --><!-- wp:heading {\"textAlign\":\"center\",\"level\":3} --><\/p>\n<h3 class=\"wp-block-heading has-text-align-center\">Captura A\u00e9rea Cinematogr\u00e1fica<\/h3>\n<p><!-- \/wp:heading --><!-- wp:paragraph {\"align\":\"center\"} --><\/p>\n<p class=\"has-text-align-center\">Utilizamos drones com tecnologia avan\u00e7ada para captar imagens que destacam a excel\u00eancia da sua infraestrutura de forma r\u00e1pida e profissional.<\/p>\t\t\t\t\t\t\t\t<\/div>\n\t\t\t\t<\/div>\n\t\t\t\t<div class=\"elementor-element elementor-element-28e49c8 elementor-widget elementor-widget-text-editor\" data-id=\"28e49c8\" data-element_type=\"widget\" data-widget_type=\"text-editor.default\">\n\t\t\t\t<div class=\"elementor-widget-container\">\n\t\t\t\t\t\t\t\t\t<h3 class=\"wp-block-heading has-text-align-center\">Seguran\u00e7a e Qualidade<\/h3>\n<p><!-- \/wp:heading --><!-- wp:paragraph {\"align\":\"center\"} --><\/p>\n<p class=\"has-text-align-center\">Garantimos total seguran\u00e7a nas opera\u00e7\u00f5es e alta qualidade nas filmagens, valorizando a imagem institucional da sua empresa.<\/p>\t\t\t\t\t\t\t\t<\/div>\n\t\t\t\t<\/div>\n\t\t\t\t<div class=\"elementor-element elementor-element-153b68d elementor-widget elementor-widget-text-editor\" data-id=\"153b68d\" data-element_type=\"widget\" data-widget_type=\"text-editor.default\">\n\t\t\t\t<div class=\"elementor-widget-container\">\n\t\t\t\t\t\t\t\t\t<h3 class=\"wp-block-heading has-text-align-center\">Parceria Estrat\u00e9gica<\/h3>\n<p><!-- \/wp:heading --><!-- wp:paragraph {\"align\":\"center\"} --><\/p>\n<p class=\"has-text-align-center\">Trabalhamos em conjunto com ag\u00eancias e departamentos para criar v\u00eddeos que fortalecem a presen\u00e7a de marca e impulsionam resultados.<\/p>\t\t\t\t\t\t\t\t<\/div>\n\t\t\t\t<\/div>\n\t\t\t\t<\/div>\n\t\t<div class=\"elementor-element elementor-element-07afb6e e-con-full e-flex e-con e-child\" data-id=\"07afb6e\" data-element_type=\"container\">\n\t\t\t\t<div class=\"elementor-element elementor-element-83930a5 elementor-widget elementor-widget-image\" data-id=\"83930a5\" data-element_type=\"widget\" data-widget_type=\"image.default\">\n\t\t\t\t<div class=\"elementor-widget-container\">\n\t\t\t\t\t\t\t\t\t\t\t\t\t\t\t<img data-opt-id=1609939839  fetchpriority=\"high\" decoding=\"async\" width=\"1080\" height=\"1350\" src=\"https:\/\/ml801byv6asm.i.optimole.com\/w:auto\/h:auto\/q:mauto\/f:best\/https:\/\/bahiadronepro.com\/wp-content\/uploads\/2025\/12\/2.png\" class=\"attachment-full size-full wp-image-1272\" alt=\"2\" srcset=\"https:\/\/ml801byv6asm.i.optimole.com\/w:1080\/h:1350\/q:mauto\/f:best\/https:\/\/bahiadronepro.com\/wp-content\/uploads\/2025\/12\/2.png 1080w, https:\/\/ml801byv6asm.i.optimole.com\/w:240\/h:300\/q:mauto\/f:best\/https:\/\/bahiadronepro.com\/wp-content\/uploads\/2025\/12\/2.png 240w, https:\/\/ml801byv6asm.i.optimole.com\/w:819\/h:1024\/q:mauto\/f:best\/https:\/\/bahiadronepro.com\/wp-content\/uploads\/2025\/12\/2.png 819w, https:\/\/ml801byv6asm.i.optimole.com\/w:768\/h:960\/q:mauto\/f:best\/https:\/\/bahiadronepro.com\/wp-content\/uploads\/2025\/12\/2.png 768w, https:\/\/ml801byv6asm.i.optimole.com\/w:10\/h:12\/q:mauto\/f:best\/dpr:2\/https:\/\/bahiadronepro.com\/wp-content\/uploads\/2025\/12\/2.png 10w\" sizes=\"(max-width: 1000px) 100vw, 1000px\" title=\"V\u00eddeos Institucionais Drone\">\t\t\t\t\t\t\t\t\t\t\t\t\t\t\t<\/div>\n\t\t\t\t<\/div>\n\t\t\t\t<\/div>\n\t\t\t\t\t<\/div>\n\t\t\t\t<\/div>\n\t\t<div class=\"elementor-element elementor-element-u52b3jt e-flex e-con-boxed e-con e-parent\" data-id=\"u52b3jt\" data-element_type=\"container\" data-settings=\"{&quot;background_background&quot;:&quot;classic&quot;}\">\n\t\t\t\t\t<div class=\"e-con-inner\">\n\t\t\t\t<div class=\"elementor-element elementor-element-151e18e elementor-button-success elementor-align-center elementor-widget elementor-widget-button\" data-id=\"151e18e\" data-element_type=\"widget\" data-widget_type=\"button.default\">\n\t\t\t\t<div class=\"elementor-widget-container\">\n\t\t\t\t\t\t\t\t\t<div class=\"elementor-button-wrapper\">\n\t\t\t\t\t<a class=\"elementor-button elementor-button-link elementor-size-sm\" href=\"https:\/\/wa.me\/5571996954059?text=Ol%C3%A1%2C%20vim%20pela%20p%C3%A1gina%20Institucional%20da%20Bahia%20Drone%20Pro.%20Gostaria%20de%20um%20or%C3%A7amento%20para%20v%C3%ADdeo%20da%20minha%20empresa.\">\n\t\t\t\t\t\t<span class=\"elementor-button-content-wrapper\">\n\t\t\t\t\t\t\t\t\t<span class=\"elementor-button-text\">fale conosco<\/span>\n\t\t\t\t\t<\/span>\n\t\t\t\t\t<\/a>\n\t\t\t\t<\/div>\n\t\t\t\t\t\t\t\t<\/div>\n\t\t\t\t<\/div>\n\t\t\t\t<div class=\"elementor-element elementor-element-9e5d64b elementor-widget elementor-widget-heading\" data-id=\"9e5d64b\" data-element_type=\"widget\" data-widget_type=\"heading.default\">\n\t\t\t\t<div class=\"elementor-widget-container\">\n\t\t\t\t\t<h2 class=\"elementor-heading-title elementor-size-default\">Eleve sua marca com v\u00eddeos institucionais inovadores.<\/h2>\t\t\t\t<\/div>\n\t\t\t\t<\/div>\n\t\t\t\t\t<\/div>\n\t\t\t\t<\/div>\n\t\t<div class=\"elementor-element elementor-element-1d8e6cb e-flex e-con-boxed e-con e-parent\" data-id=\"1d8e6cb\" data-element_type=\"container\">\n\t\t\t\t\t<div class=\"e-con-inner\">\n\t\t\t\t<div class=\"elementor-element elementor-element-5b3cf1f elementor-widget elementor-widget-image\" data-id=\"5b3cf1f\" data-element_type=\"widget\" data-widget_type=\"image.default\">\n\t\t\t\t<div class=\"elementor-widget-container\">\n\t\t\t\t\t\t\t\t\t\t\t\t\t\t\t<img data-opt-id=774041690  data-opt-src=\"https:\/\/ml801byv6asm.i.optimole.com\/w:1024\/h:576\/q:mauto\/f:best\/https:\/\/bahiadronepro.com\/wp-content\/uploads\/2025\/12\/LOGOS.png\"  decoding=\"async\" width=\"1024\" height=\"576\" src=\"data:image/svg+xml,%3Csvg%20viewBox%3D%220%200%201024%20576%22%20width%3D%221024%22%20height%3D%22576%22%20xmlns%3D%22http%3A%2F%2Fwww.w3.org%2F2000%2Fsvg%22%3E%3Crect%20width%3D%221024%22%20height%3D%22576%22%20fill%3D%22transparent%22%2F%3E%3C%2Fsvg%3E\" class=\"attachment-large size-large wp-image-1248\" alt=\"logos\" old-srcset=\"https:\/\/ml801byv6asm.i.optimole.com\/w:1024\/h:576\/q:mauto\/f:best\/https:\/\/bahiadronepro.com\/wp-content\/uploads\/2025\/12\/LOGOS.png 1024w, https:\/\/ml801byv6asm.i.optimole.com\/w:300\/h:169\/q:mauto\/f:best\/https:\/\/bahiadronepro.com\/wp-content\/uploads\/2025\/12\/LOGOS.png 300w, https:\/\/ml801byv6asm.i.optimole.com\/w:768\/h:432\/q:mauto\/f:best\/https:\/\/bahiadronepro.com\/wp-content\/uploads\/2025\/12\/LOGOS.png 768w, https:\/\/ml801byv6asm.i.optimole.com\/w:18\/h:10\/q:mauto\/f:best\/dpr:2\/https:\/\/bahiadronepro.com\/wp-content\/uploads\/2025\/12\/LOGOS.png 18w, https:\/\/ml801byv6asm.i.optimole.com\/w:1366\/h:768\/q:mauto\/f:best\/https:\/\/bahiadronepro.com\/wp-content\/uploads\/2025\/12\/LOGOS.png 1366w\" title=\"V\u00eddeos Institucionais Drone\">\t\t\t\t\t\t\t\t\t\t\t\t\t\t\t<\/div>\n\t\t\t\t<\/div>\n\t\t\t\t\t<\/div>\n\t\t\t\t<\/div>\n\t\t\t\t<\/div>","protected":false},"excerpt":{"rendered":"<p>fale conosco Capture a Grandeza da Sua Marca com V\u00eddeos Institucionais A\u00e9reos Descubra como nossos v\u00eddeos institucionais em 4K elevam sua imagem corporativa com tecnologia drone e atendimento profissional. Imagens A\u00e9reas Cinematogr\u00e1ficas em 4K Mostramos sua infraestrutura com detalhes e \u00e2ngulos \u00fanicos, valorizando a sofistica\u00e7\u00e3o e impon\u00eancia da sua empresa. Seguran\u00e7a e Qualidade Garantidas Operamos [&hellip;]<\/p>","protected":false},"author":1,"featured_media":0,"parent":0,"menu_order":0,"comment_status":"closed","ping_status":"closed","template":"","meta":{"site-sidebar-layout":"default","site-content-layout":"","ast-site-content-layout":"default","site-content-style":"default","site-sidebar-style":"default","ast-global-header-display":"","ast-banner-title-visibility":"","ast-main-header-display":"","ast-hfb-above-header-display":"","ast-hfb-below-header-display":"","ast-hfb-mobile-header-display":"","site-post-title":"","ast-breadcrumbs-content":"","ast-featured-img":"","footer-sml-layout":"","ast-disable-related-posts":"","theme-transparent-header-meta":"","adv-header-id-meta":"","stick-header-meta":"","header-above-stick-meta":"","header-main-stick-meta":"","header-below-stick-meta":"","astra-migrate-meta-layouts":"default","ast-page-background-enabled":"default","ast-page-background-meta":{"desktop":{"background-color":"","background-image":"","background-repeat":"repeat","background-position":"center center","background-size":"auto","background-attachment":"scroll","background-type":"","background-media":"","overlay-type":"","overlay-color":"","overlay-opacity":"","overlay-gradient":""},"tablet":{"background-color":"","background-image":"","background-repeat":"repeat","background-position":"center center","background-size":"auto","background-attachment":"scroll","background-type":"","background-media":"","overlay-type":"","overlay-color":"","overlay-opacity":"","overlay-gradient":""},"mobile":{"background-color":"","background-image":"","background-repeat":"repeat","background-position":"center center","background-size":"auto","background-attachment":"scroll","background-type":"","background-media":"","overlay-type":"","overlay-color":"","overlay-opacity":"","overlay-gradient":""}},"ast-content-background-meta":{"desktop":{"background-color":"var(--ast-global-color-5)","background-image":"","background-repeat":"repeat","background-position":"center center","background-size":"auto","background-attachment":"scroll","background-type":"","background-media":"","overlay-type":"","overlay-color":"","overlay-opacity":"","overlay-gradient":""},"tablet":{"background-color":"var(--ast-global-color-5)","background-image":"","background-repeat":"repeat","background-position":"center center","background-size":"auto","background-attachment":"scroll","background-type":"","background-media":"","overlay-type":"","overlay-color":"","overlay-opacity":"","overlay-gradient":""},"mobile":{"background-color":"var(--ast-global-color-5)","background-image":"","background-repeat":"repeat","background-position":"center center","background-size":"auto","background-attachment":"scroll","background-type":"","background-media":"","overlay-type":"","overlay-color":"","overlay-opacity":"","overlay-gradient":""}},"_joinchat":[],"footnotes":""},"class_list":["post-356","page","type-page","status-publish","hentry"],"featured_media_urls":[],"_links":{"self":[{"href":"https:\/\/bahiadronepro.com\/pt-br\/wp-json\/wp\/v2\/pages\/356","targetHints":{"allow":["GET"]}}],"collection":[{"href":"https:\/\/bahiadronepro.com\/pt-br\/wp-json\/wp\/v2\/pages"}],"about":[{"href":"https:\/\/bahiadronepro.com\/pt-br\/wp-json\/wp\/v2\/types\/page"}],"author":[{"embeddable":true,"href":"https:\/\/bahiadronepro.com\/pt-br\/wp-json\/wp\/v2\/users\/1"}],"replies":[{"embeddable":true,"href":"https:\/\/bahiadronepro.com\/pt-br\/wp-json\/wp\/v2\/comments?post=356"}],"version-history":[{"count":8,"href":"https:\/\/bahiadronepro.com\/pt-br\/wp-json\/wp\/v2\/pages\/356\/revisions"}],"predecessor-version":[{"id":1471,"href":"https:\/\/bahiadronepro.com\/pt-br\/wp-json\/wp\/v2\/pages\/356\/revisions\/1471"}],"wp:attachment":[{"href":"https:\/\/bahiadronepro.com\/pt-br\/wp-json\/wp\/v2\/media?parent=356"}],"curies":[{"name":"wp","href":"https:\/\/api.w.org\/{rel}","templated":true}]}}