{"id":354,"date":"2025-12-25T15:30:51","date_gmt":"2025-12-25T15:30:51","guid":{"rendered":"https:\/\/bahiadronepro.com\/?page_id=354"},"modified":"2026-02-22T05:42:14","modified_gmt":"2026-02-22T05:42:14","slug":"vendas-imobiliarias-premium","status":"publish","type":"page","link":"https:\/\/bahiadronepro.com\/pt-br\/vendas-imobiliarias-premium\/","title":{"rendered":"Vendas Imobili\u00e1rias Premium"},"content":{"rendered":"<div data-elementor-type=\"wp-page\" data-elementor-id=\"354\" class=\"elementor elementor-354\">\n\t\t\t\t<div class=\"elementor-element elementor-element-8r8xv6k e-flex e-con-boxed e-con e-parent\" data-id=\"8r8xv6k\" data-element_type=\"container\" data-settings=\"{&quot;background_background&quot;:&quot;classic&quot;}\">\n\t\t\t\t\t<div class=\"e-con-inner\">\n\t\t\t\t\t<\/div>\n\t\t\t\t<\/div>\n\t\t<div class=\"elementor-element elementor-element-fdf33da e-flex e-con-boxed e-con e-parent\" data-id=\"fdf33da\" data-element_type=\"container\">\n\t\t\t\t\t<div class=\"e-con-inner\">\n\t\t\t\t<div class=\"elementor-element elementor-element-1c97287 elementor-button-success elementor-align-center elementor-widget elementor-widget-button\" data-id=\"1c97287\" data-element_type=\"widget\" data-widget_type=\"button.default\">\n\t\t\t\t<div class=\"elementor-widget-container\">\n\t\t\t\t\t\t\t\t\t<div class=\"elementor-button-wrapper\">\n\t\t\t\t\t<a class=\"elementor-button elementor-button-link elementor-size-sm\" href=\"https:\/\/wa.me\/5571996954059?text=Ol%C3%A1%2C%20vim%20pelo%20site%20da%20Bahia%20Drone%20Pro.%20Gostaria%20de%20cotar%20fotos%2Fv%C3%ADdeos%20para%20vender%20um%20im%C3%B3vel.\">\n\t\t\t\t\t\t<span class=\"elementor-button-content-wrapper\">\n\t\t\t\t\t\t\t\t\t<span class=\"elementor-button-text\">FALE CONOSCO<\/span>\n\t\t\t\t\t<\/span>\n\t\t\t\t\t<\/a>\n\t\t\t\t<\/div>\n\t\t\t\t\t\t\t\t<\/div>\n\t\t\t\t<\/div>\n\t\t\t\t\t<\/div>\n\t\t\t\t<\/div>\n\t\t<div class=\"elementor-element elementor-element-qhq9pld e-flex e-con-boxed e-con e-parent\" data-id=\"qhq9pld\" data-element_type=\"container\" data-settings=\"{&quot;background_background&quot;:&quot;classic&quot;}\">\n\t\t\t\t\t<div class=\"e-con-inner\">\n\t\t<div class=\"elementor-element elementor-element-e6150a2 e-con-full e-flex e-con e-child\" data-id=\"e6150a2\" data-element_type=\"container\">\n\t\t\t\t<div class=\"elementor-element elementor-element-9b85f4b elementor-widget elementor-widget-image\" data-id=\"9b85f4b\" data-element_type=\"widget\" data-widget_type=\"image.default\">\n\t\t\t\t<div class=\"elementor-widget-container\">\n\t\t\t\t\t\t\t\t\t\t\t\t\t\t\t<img data-opt-id=717375972  fetchpriority=\"high\" decoding=\"async\" width=\"1920\" height=\"2560\" src=\"https:\/\/ml801byv6asm.i.optimole.com\/w:auto\/h:auto\/q:mauto\/f:best\/https:\/\/bahiadronepro.com\/wp-content\/uploads\/2025\/12\/CASA-ITAPUA-scaled.jpg\" class=\"attachment-full size-full wp-image-1263\" alt=\"casa itapua\" srcset=\"https:\/\/ml801byv6asm.i.optimole.com\/w:1920\/h:2560\/q:mauto\/f:best\/https:\/\/bahiadronepro.com\/wp-content\/uploads\/2025\/12\/CASA-ITAPUA-scaled.jpg 1920w, https:\/\/ml801byv6asm.i.optimole.com\/w:225\/h:300\/q:mauto\/f:best\/https:\/\/bahiadronepro.com\/wp-content\/uploads\/2025\/12\/CASA-ITAPUA-scaled.jpg 225w, https:\/\/ml801byv6asm.i.optimole.com\/w:768\/h:1024\/q:mauto\/f:best\/https:\/\/bahiadronepro.com\/wp-content\/uploads\/2025\/12\/CASA-ITAPUA-scaled.jpg 768w, https:\/\/ml801byv6asm.i.optimole.com\/w:1152\/h:1536\/q:mauto\/f:best\/https:\/\/bahiadronepro.com\/wp-content\/uploads\/2025\/12\/CASA-ITAPUA-scaled.jpg 1152w, https:\/\/ml801byv6asm.i.optimole.com\/w:1536\/h:2048\/q:mauto\/f:best\/https:\/\/bahiadronepro.com\/wp-content\/uploads\/2025\/12\/CASA-ITAPUA-scaled.jpg 1536w, https:\/\/ml801byv6asm.i.optimole.com\/w:9\/h:12\/q:mauto\/f:best\/dpr:2\/https:\/\/bahiadronepro.com\/wp-content\/uploads\/2025\/12\/CASA-ITAPUA-scaled.jpg 9w\" sizes=\"(max-width: 1000px) 100vw, 1000px\" title=\"Vendas Imobili\u00e1rias Premium\">\t\t\t\t\t\t\t\t\t\t\t\t\t\t\t<\/div>\n\t\t\t\t<\/div>\n\t\t\t\t<\/div>\n\t\t<div class=\"elementor-element elementor-element-96bd502 e-con-full e-flex e-con e-child\" data-id=\"96bd502\" data-element_type=\"container\">\n\t\t\t\t<div class=\"elementor-element elementor-element-a3059cc elementor-widget-tablet__width-inherit elementor-widget elementor-widget-heading\" data-id=\"a3059cc\" data-element_type=\"widget\" data-widget_type=\"heading.default\">\n\t\t\t\t<div class=\"elementor-widget-container\">\n\t\t\t\t\t<h2 class=\"elementor-heading-title elementor-size-default\">Eleve Suas Vendas com Imagens A\u00e9reas Incompar\u00e1veis<\/h2>\t\t\t\t<\/div>\n\t\t\t\t<\/div>\n\t\t\t\t<div class=\"elementor-element elementor-element-1707dfc elementor-widget elementor-widget-text-editor\" data-id=\"1707dfc\" data-element_type=\"widget\" data-widget_type=\"text-editor.default\">\n\t\t\t\t<div class=\"elementor-widget-container\">\n\t\t\t\t\t\t\t\t\t<p><strong>Conhe\u00e7a os benef\u00edcios exclusivos que Bahia Drone Pro oferece para transformar suas vendas imobili\u00e1rias em Salvador.<\/strong><\/p>\t\t\t\t\t\t\t\t<\/div>\n\t\t\t\t<\/div>\n\t\t\t\t<div class=\"elementor-element elementor-element-ef27828 elementor-widget elementor-widget-text-editor\" data-id=\"ef27828\" data-element_type=\"widget\" data-widget_type=\"text-editor.default\">\n\t\t\t\t<div class=\"elementor-widget-container\">\n\t\t\t\t\t\t\t\t\t<h3 class=\"wp-block-heading has-text-align-center\">Venda Mais R\u00e1pido e com Impacto<\/h3>\n<p><!-- \/wp:heading --><!-- wp:paragraph {\"align\":\"center\"} --><\/p>\n<p class=\"has-text-align-center\">Imagens a\u00e9reas cinematogr\u00e1ficas que aceleram o processo de vendas, destacando seus im\u00f3veis de forma irresist\u00edvel para os compradores.<\/p>\t\t\t\t\t\t\t\t<\/div>\n\t\t\t\t<\/div>\n\t\t\t\t<div class=\"elementor-element elementor-element-4f74bc3 elementor-widget elementor-widget-text-editor\" data-id=\"4f74bc3\" data-element_type=\"widget\" data-widget_type=\"text-editor.default\">\n\t\t\t\t<div class=\"elementor-widget-container\">\n\t\t\t\t\t\t\t\t\t<h3 class=\"wp-block-heading has-text-align-center\">Valorize seus Im\u00f3veis no Mercado<\/h3>\n<p><!-- \/wp:heading --><!-- wp:paragraph {\"align\":\"center\"} --><\/p>\n<p class=\"has-text-align-center\">Nossos v\u00eddeos e fotos aumentam o valor percebido dos im\u00f3veis, ajudando voc\u00ea a negociar melhores pre\u00e7os e atrair clientes qualificados.<\/p>\t\t\t\t\t\t\t\t<\/div>\n\t\t\t\t<\/div>\n\t\t\t\t<div class=\"elementor-element elementor-element-650a9be elementor-widget elementor-widget-text-editor\" data-id=\"650a9be\" data-element_type=\"widget\" data-widget_type=\"text-editor.default\">\n\t\t\t\t<div class=\"elementor-widget-container\">\n\t\t\t\t\t\t\t\t\t<h3 class=\"wp-block-heading\">Destaque-se da Concorr\u00eancia<\/h3>\n<p><!-- \/wp:heading --><!-- wp:paragraph {\"align\":\"center\"} --><\/p>\n<p class=\"has-text-align-center\">Design minimalista e profissional que coloca sua marca em evid\u00eancia, criando uma presen\u00e7a \u00fanica e memor\u00e1vel no mercado imobili\u00e1rio.<\/p>\t\t\t\t\t\t\t\t<\/div>\n\t\t\t\t<\/div>\n\t\t\t\t<\/div>\n\t\t\t\t\t<\/div>\n\t\t\t\t<\/div>\n\t\t<div class=\"elementor-element elementor-element-3974664 e-flex e-con-boxed e-con e-parent\" data-id=\"3974664\" data-element_type=\"container\">\n\t\t\t\t\t<div class=\"e-con-inner\">\n\t\t\t\t<div class=\"elementor-element elementor-element-544cd6f elementor-button-success elementor-align-center elementor-widget elementor-widget-button\" data-id=\"544cd6f\" data-element_type=\"widget\" data-widget_type=\"button.default\">\n\t\t\t\t<div class=\"elementor-widget-container\">\n\t\t\t\t\t\t\t\t\t<div class=\"elementor-button-wrapper\">\n\t\t\t\t\t<a class=\"elementor-button elementor-button-link elementor-size-sm\" href=\"https:\/\/wa.me\/5571996954059?text=Ol%C3%A1%2C%20vim%20pelo%20site%20da%20Bahia%20Drone%20Pro.%20Gostaria%20de%20cotar%20fotos%2Fv%C3%ADdeos%20para%20vender%20um%20im%C3%B3vel.\">\n\t\t\t\t\t\t<span class=\"elementor-button-content-wrapper\">\n\t\t\t\t\t\t\t\t\t<span class=\"elementor-button-text\">SOLICITE UM OR\u00e7AMENTO<\/span>\n\t\t\t\t\t<\/span>\n\t\t\t\t\t<\/a>\n\t\t\t\t<\/div>\n\t\t\t\t\t\t\t\t<\/div>\n\t\t\t\t<\/div>\n\t\t\t\t\t<\/div>\n\t\t\t\t<\/div>\n\t\t<div class=\"elementor-element elementor-element-dw9p8f1 e-flex e-con-boxed e-con e-parent\" data-id=\"dw9p8f1\" data-element_type=\"container\" data-settings=\"{&quot;background_background&quot;:&quot;classic&quot;}\">\n\t\t\t\t\t<div class=\"e-con-inner\">\n\t\t\t\t<div class=\"elementor-element elementor-element-481e3a0 elementor-widget elementor-widget-heading\" data-id=\"481e3a0\" data-element_type=\"widget\" data-widget_type=\"heading.default\">\n\t\t\t\t<div class=\"elementor-widget-container\">\n\t\t\t\t\t<h2 class=\"elementor-heading-title elementor-size-default\">Descubra o Poder do Drone Imobili\u00e1rio<\/h2>\t\t\t\t<\/div>\n\t\t\t\t<\/div>\n\t\t\t\t\t<\/div>\n\t\t\t\t<\/div>\n\t\t<div class=\"elementor-element elementor-element-nt2m3n0 e-flex e-con-boxed e-con e-parent\" data-id=\"nt2m3n0\" data-element_type=\"container\" data-settings=\"{&quot;background_background&quot;:&quot;classic&quot;}\">\n\t\t\t\t\t<div class=\"e-con-inner\">\n\t\t<div class=\"elementor-element elementor-element-1f7f824 e-con-full e-flex e-con e-child\" data-id=\"1f7f824\" data-element_type=\"container\">\n\t\t\t\t<div class=\"elementor-element elementor-element-8a22b56 elementor-widget elementor-widget-heading\" data-id=\"8a22b56\" data-element_type=\"widget\" data-widget_type=\"heading.default\">\n\t\t\t\t<div class=\"elementor-widget-container\">\n\t\t\t\t\t<h2 class=\"elementor-heading-title elementor-size-default\">Comece a transformar suas vendas imobili\u00e1rias agora.<\/h2>\t\t\t\t<\/div>\n\t\t\t\t<\/div>\n\t\t\t\t<div class=\"elementor-element elementor-element-70b1a4d elementor-widget elementor-widget-text-editor\" data-id=\"70b1a4d\" data-element_type=\"widget\" data-widget_type=\"text-editor.default\">\n\t\t\t\t<div class=\"elementor-widget-container\">\n\t\t\t\t\t\t\t\t\t<h3 class=\"wp-block-heading has-text-align-center\">Velocidade de Vendas<\/h3>\n<p><!-- \/wp:heading --><!-- wp:paragraph {\"align\":\"center\"} --><\/p>\n<p class=\"has-text-align-center\">Imagens a\u00e9reas que aceleram o fechamento de neg\u00f3cios, destacando detalhes essenciais.<\/p>\t\t\t\t\t\t\t\t<\/div>\n\t\t\t\t<\/div>\n\t\t\t\t<div class=\"elementor-element elementor-element-28e49c8 elementor-widget elementor-widget-text-editor\" data-id=\"28e49c8\" data-element_type=\"widget\" data-widget_type=\"text-editor.default\">\n\t\t\t\t<div class=\"elementor-widget-container\">\n\t\t\t\t\t\t\t\t\t<h3 class=\"wp-block-heading has-text-align-center\">Valoriza\u00e7\u00e3o do Im\u00f3vel<\/h3>\n<p><!-- \/wp:heading --><!-- wp:paragraph {\"align\":\"center\"} --><\/p>\n<p class=\"has-text-align-center\">Fotografia cinematogr\u00e1fica que destaca a beleza e o potencial dos seus empreendimentos.<\/p>\t\t\t\t\t\t\t\t<\/div>\n\t\t\t\t<\/div>\n\t\t\t\t<div class=\"elementor-element elementor-element-153b68d elementor-widget elementor-widget-text-editor\" data-id=\"153b68d\" data-element_type=\"widget\" data-widget_type=\"text-editor.default\">\n\t\t\t\t<div class=\"elementor-widget-container\">\n\t\t\t\t\t\t\t\t\t<h3 class=\"wp-block-heading has-text-align-center\">Diferencia\u00e7\u00e3o no Mercado<\/h3>\n<p><!-- \/wp:heading --><!-- wp:paragraph {\"align\":\"center\"} --><\/p>\n<p class=\"has-text-align-center\">Solu\u00e7\u00f5es visuais que destacam seu im\u00f3vel da concorr\u00eancia, elevando sua autoridade.<\/p>\t\t\t\t\t\t\t\t<\/div>\n\t\t\t\t<\/div>\n\t\t\t\t<\/div>\n\t\t<div class=\"elementor-element elementor-element-07afb6e e-con-full e-flex e-con e-child\" data-id=\"07afb6e\" data-element_type=\"container\">\n\t\t\t\t<div class=\"elementor-element elementor-element-83930a5 elementor-widget elementor-widget-image\" data-id=\"83930a5\" data-element_type=\"widget\" data-widget_type=\"image.default\">\n\t\t\t\t<div class=\"elementor-widget-container\">\n\t\t\t\t\t\t\t\t\t\t\t\t\t\t\t<img data-opt-id=1959355307  fetchpriority=\"high\" decoding=\"async\" width=\"1366\" height=\"768\" src=\"https:\/\/ml801byv6asm.i.optimole.com\/w:auto\/h:auto\/q:mauto\/f:best\/https:\/\/bahiadronepro.com\/wp-content\/uploads\/2025\/12\/PREDIO.png\" class=\"attachment-full size-full wp-image-1262\" alt=\"predio\" srcset=\"https:\/\/ml801byv6asm.i.optimole.com\/w:1366\/h:768\/q:mauto\/f:best\/https:\/\/bahiadronepro.com\/wp-content\/uploads\/2025\/12\/PREDIO.png 1366w, https:\/\/ml801byv6asm.i.optimole.com\/w:300\/h:169\/q:mauto\/f:best\/https:\/\/bahiadronepro.com\/wp-content\/uploads\/2025\/12\/PREDIO.png 300w, https:\/\/ml801byv6asm.i.optimole.com\/w:1024\/h:576\/q:mauto\/f:best\/https:\/\/bahiadronepro.com\/wp-content\/uploads\/2025\/12\/PREDIO.png 1024w, https:\/\/ml801byv6asm.i.optimole.com\/w:768\/h:432\/q:mauto\/f:best\/https:\/\/bahiadronepro.com\/wp-content\/uploads\/2025\/12\/PREDIO.png 768w, https:\/\/ml801byv6asm.i.optimole.com\/w:18\/h:10\/q:mauto\/f:best\/dpr:2\/https:\/\/bahiadronepro.com\/wp-content\/uploads\/2025\/12\/PREDIO.png 18w\" sizes=\"(max-width: 1000px) 100vw, 1000px\" title=\"Vendas Imobili\u00e1rias Premium\">\t\t\t\t\t\t\t\t\t\t\t\t\t\t\t<\/div>\n\t\t\t\t<\/div>\n\t\t\t\t<\/div>\n\t\t\t\t\t<\/div>\n\t\t\t\t<\/div>\n\t\t<div class=\"elementor-element elementor-element-dc744d2 e-flex e-con-boxed e-con e-parent\" data-id=\"dc744d2\" data-element_type=\"container\">\n\t\t\t\t\t<div class=\"e-con-inner\">\n\t\t\t\t<div class=\"elementor-element elementor-element-8337629 elementor-button-success elementor-align-center elementor-widget elementor-widget-button\" data-id=\"8337629\" data-element_type=\"widget\" data-widget_type=\"button.default\">\n\t\t\t\t<div class=\"elementor-widget-container\">\n\t\t\t\t\t\t\t\t\t<div class=\"elementor-button-wrapper\">\n\t\t\t\t\t<a class=\"elementor-button elementor-button-link elementor-size-sm\" href=\"https:\/\/wa.me\/5571996954059?text=Ol%C3%A1%2C%20vim%20pelo%20site%20da%20Bahia%20Drone%20Pro.%20Gostaria%20de%20cotar%20fotos%2Fv%C3%ADdeos%20para%20vender%20um%20im%C3%B3vel.\">\n\t\t\t\t\t\t<span class=\"elementor-button-content-wrapper\">\n\t\t\t\t\t\t\t\t\t<span class=\"elementor-button-text\">FALE CONOSCO<\/span>\n\t\t\t\t\t<\/span>\n\t\t\t\t\t<\/a>\n\t\t\t\t<\/div>\n\t\t\t\t\t\t\t\t<\/div>\n\t\t\t\t<\/div>\n\t\t\t\t\t<\/div>\n\t\t\t\t<\/div>\n\t\t<div class=\"elementor-element elementor-element-6u58zst e-flex e-con-boxed e-con e-parent\" data-id=\"6u58zst\" data-element_type=\"container\" data-settings=\"{&quot;background_background&quot;:&quot;classic&quot;}\">\n\t\t\t\t\t<div class=\"e-con-inner\">\n\t\t\t\t<div class=\"elementor-element elementor-element-9e5d64b elementor-widget elementor-widget-heading\" data-id=\"9e5d64b\" data-element_type=\"widget\" data-widget_type=\"heading.default\">\n\t\t\t\t<div class=\"elementor-widget-container\">\n\t\t\t\t\t<h2 class=\"elementor-heading-title elementor-size-default\">Incentivamos voc\u00ea a conhecer nossas solu\u00e7\u00f5es premium de imagens a\u00e9reas para acelerar suas negocia\u00e7\u00f5es e destacar seus im\u00f3veis no mercado.<\/h2>\t\t\t\t<\/div>\n\t\t\t\t<\/div>\n\t\t\t\t\t<\/div>\n\t\t\t\t<\/div>\n\t\t<div class=\"elementor-element elementor-element-c3670ee e-flex e-con-boxed e-con e-parent\" data-id=\"c3670ee\" data-element_type=\"container\">\n\t\t\t\t\t<div class=\"e-con-inner\">\n\t\t\t\t<div class=\"elementor-element elementor-element-1c1c097 elementor-widget elementor-widget-image\" data-id=\"1c1c097\" data-element_type=\"widget\" data-widget_type=\"image.default\">\n\t\t\t\t<div class=\"elementor-widget-container\">\n\t\t\t\t\t\t\t\t\t\t\t\t\t\t\t<img data-opt-id=774041690  data-opt-src=\"https:\/\/ml801byv6asm.i.optimole.com\/w:1024\/h:576\/q:mauto\/f:best\/https:\/\/bahiadronepro.com\/wp-content\/uploads\/2025\/12\/LOGOS.png\"  decoding=\"async\" width=\"1024\" height=\"576\" src=\"data:image/svg+xml,%3Csvg%20viewBox%3D%220%200%201024%20576%22%20width%3D%221024%22%20height%3D%22576%22%20xmlns%3D%22http%3A%2F%2Fwww.w3.org%2F2000%2Fsvg%22%3E%3Crect%20width%3D%221024%22%20height%3D%22576%22%20fill%3D%22transparent%22%2F%3E%3C%2Fsvg%3E\" class=\"attachment-large size-large wp-image-1248\" alt=\"logos\" old-srcset=\"https:\/\/ml801byv6asm.i.optimole.com\/w:1024\/h:576\/q:mauto\/f:best\/https:\/\/bahiadronepro.com\/wp-content\/uploads\/2025\/12\/LOGOS.png 1024w, https:\/\/ml801byv6asm.i.optimole.com\/w:300\/h:169\/q:mauto\/f:best\/https:\/\/bahiadronepro.com\/wp-content\/uploads\/2025\/12\/LOGOS.png 300w, https:\/\/ml801byv6asm.i.optimole.com\/w:768\/h:432\/q:mauto\/f:best\/https:\/\/bahiadronepro.com\/wp-content\/uploads\/2025\/12\/LOGOS.png 768w, https:\/\/ml801byv6asm.i.optimole.com\/w:18\/h:10\/q:mauto\/f:best\/dpr:2\/https:\/\/bahiadronepro.com\/wp-content\/uploads\/2025\/12\/LOGOS.png 18w, https:\/\/ml801byv6asm.i.optimole.com\/w:1366\/h:768\/q:mauto\/f:best\/https:\/\/bahiadronepro.com\/wp-content\/uploads\/2025\/12\/LOGOS.png 1366w\" title=\"Vendas Imobili\u00e1rias Premium\">\t\t\t\t\t\t\t\t\t\t\t\t\t\t\t<\/div>\n\t\t\t\t<\/div>\n\t\t\t\t\t<\/div>\n\t\t\t\t<\/div>\n\t\t\t\t<\/div>","protected":false},"excerpt":{"rendered":"<p>FALE CONOSCO Eleve Suas Vendas com Imagens A\u00e9reas Incompar\u00e1veis Conhe\u00e7a os benef\u00edcios exclusivos que Bahia Drone Pro oferece para transformar suas vendas imobili\u00e1rias em Salvador. Venda Mais R\u00e1pido e com Impacto Imagens a\u00e9reas cinematogr\u00e1ficas que aceleram o processo de vendas, destacando seus im\u00f3veis de forma irresist\u00edvel para os compradores. Valorize seus Im\u00f3veis no Mercado Nossos [&hellip;]<\/p>","protected":false},"author":1,"featured_media":0,"parent":0,"menu_order":0,"comment_status":"closed","ping_status":"closed","template":"","meta":{"site-sidebar-layout":"default","site-content-layout":"","ast-site-content-layout":"default","site-content-style":"default","site-sidebar-style":"default","ast-global-header-display":"","ast-banner-title-visibility":"","ast-main-header-display":"","ast-hfb-above-header-display":"","ast-hfb-below-header-display":"","ast-hfb-mobile-header-display":"","site-post-title":"","ast-breadcrumbs-content":"","ast-featured-img":"","footer-sml-layout":"","ast-disable-related-posts":"","theme-transparent-header-meta":"","adv-header-id-meta":"","stick-header-meta":"","header-above-stick-meta":"","header-main-stick-meta":"","header-below-stick-meta":"","astra-migrate-meta-layouts":"default","ast-page-background-enabled":"default","ast-page-background-meta":{"desktop":{"background-color":"","background-image":"","background-repeat":"repeat","background-position":"center center","background-size":"auto","background-attachment":"scroll","background-type":"","background-media":"","overlay-type":"","overlay-color":"","overlay-opacity":"","overlay-gradient":""},"tablet":{"background-color":"","background-image":"","background-repeat":"repeat","background-position":"center center","background-size":"auto","background-attachment":"scroll","background-type":"","background-media":"","overlay-type":"","overlay-color":"","overlay-opacity":"","overlay-gradient":""},"mobile":{"background-color":"","background-image":"","background-repeat":"repeat","background-position":"center center","background-size":"auto","background-attachment":"scroll","background-type":"","background-media":"","overlay-type":"","overlay-color":"","overlay-opacity":"","overlay-gradient":""}},"ast-content-background-meta":{"desktop":{"background-color":"var(--ast-global-color-5)","background-image":"","background-repeat":"repeat","background-position":"center center","background-size":"auto","background-attachment":"scroll","background-type":"","background-media":"","overlay-type":"","overlay-color":"","overlay-opacity":"","overlay-gradient":""},"tablet":{"background-color":"var(--ast-global-color-5)","background-image":"","background-repeat":"repeat","background-position":"center center","background-size":"auto","background-attachment":"scroll","background-type":"","background-media":"","overlay-type":"","overlay-color":"","overlay-opacity":"","overlay-gradient":""},"mobile":{"background-color":"var(--ast-global-color-5)","background-image":"","background-repeat":"repeat","background-position":"center center","background-size":"auto","background-attachment":"scroll","background-type":"","background-media":"","overlay-type":"","overlay-color":"","overlay-opacity":"","overlay-gradient":""}},"_joinchat":[],"footnotes":""},"class_list":["post-354","page","type-page","status-publish","hentry"],"featured_media_urls":[],"_links":{"self":[{"href":"https:\/\/bahiadronepro.com\/pt-br\/wp-json\/wp\/v2\/pages\/354","targetHints":{"allow":["GET"]}}],"collection":[{"href":"https:\/\/bahiadronepro.com\/pt-br\/wp-json\/wp\/v2\/pages"}],"about":[{"href":"https:\/\/bahiadronepro.com\/pt-br\/wp-json\/wp\/v2\/types\/page"}],"author":[{"embeddable":true,"href":"https:\/\/bahiadronepro.com\/pt-br\/wp-json\/wp\/v2\/users\/1"}],"replies":[{"embeddable":true,"href":"https:\/\/bahiadronepro.com\/pt-br\/wp-json\/wp\/v2\/comments?post=354"}],"version-history":[{"count":8,"href":"https:\/\/bahiadronepro.com\/pt-br\/wp-json\/wp\/v2\/pages\/354\/revisions"}],"predecessor-version":[{"id":1468,"href":"https:\/\/bahiadronepro.com\/pt-br\/wp-json\/wp\/v2\/pages\/354\/revisions\/1468"}],"wp:attachment":[{"href":"https:\/\/bahiadronepro.com\/pt-br\/wp-json\/wp\/v2\/media?parent=354"}],"curies":[{"name":"wp","href":"https:\/\/api.w.org\/{rel}","templated":true}]}}