{"id":352,"date":"2025-12-25T15:21:18","date_gmt":"2025-12-25T15:21:18","guid":{"rendered":"https:\/\/bahiadronepro.com\/?page_id=352"},"modified":"2026-02-22T05:41:33","modified_gmt":"2026-02-22T05:41:33","slug":"solucoes-de-drone-para-engenharia","status":"publish","type":"page","link":"https:\/\/bahiadronepro.com\/pt-br\/solucoes-de-drone-para-engenharia\/","title":{"rendered":"Solu\u00e7\u00f5es de Drone para Engenharia"},"content":{"rendered":"<div data-elementor-type=\"wp-page\" data-elementor-id=\"352\" class=\"elementor elementor-352\">\n\t\t\t\t<div class=\"elementor-element elementor-element-xab5md2 e-flex e-con-boxed e-con e-parent\" data-id=\"xab5md2\" data-element_type=\"container\" data-settings=\"{&quot;background_background&quot;:&quot;classic&quot;}\">\n\t\t\t\t\t<div class=\"e-con-inner\">\n\t\t\t\t\t<\/div>\n\t\t\t\t<\/div>\n\t\t<div class=\"elementor-element elementor-element-788a89b e-flex e-con-boxed e-con e-parent\" data-id=\"788a89b\" data-element_type=\"container\">\n\t\t\t\t\t<div class=\"e-con-inner\">\n\t\t\t\t<div class=\"elementor-element elementor-element-f99c228 elementor-button-success elementor-align-center elementor-widget elementor-widget-button\" data-id=\"f99c228\" data-element_type=\"widget\" data-widget_type=\"button.default\">\n\t\t\t\t<div class=\"elementor-widget-container\">\n\t\t\t\t\t\t\t\t\t<div class=\"elementor-button-wrapper\">\n\t\t\t\t\t<a class=\"elementor-button elementor-button-link elementor-size-sm\" href=\"https:\/\/wa.me\/5571996954059?text=Ol%C3%A1%2C%20vim%20pelo%20site%20da%20Bahia%20Drone%20Pro.%20Gostaria%20de%20um%20or%C3%A7amento%20para%20servi%C3%A7os%20em%20obra%2Fengenharia.\" target=\"_blank\">\n\t\t\t\t\t\t<span class=\"elementor-button-content-wrapper\">\n\t\t\t\t\t\t\t\t\t<span class=\"elementor-button-text\">SOLICITE UM OR\u00e7AMENTO<\/span>\n\t\t\t\t\t<\/span>\n\t\t\t\t\t<\/a>\n\t\t\t\t<\/div>\n\t\t\t\t\t\t\t\t<\/div>\n\t\t\t\t<\/div>\n\t\t\t\t\t<\/div>\n\t\t\t\t<\/div>\n\t\t<div class=\"elementor-element elementor-element-hmqt3y5 e-flex e-con-boxed e-con e-parent\" data-id=\"hmqt3y5\" data-element_type=\"container\" data-settings=\"{&quot;background_background&quot;:&quot;classic&quot;}\">\n\t\t\t\t\t<div class=\"e-con-inner\">\n\t\t<div class=\"elementor-element elementor-element-e6150a2 e-con-full e-flex e-con e-child\" data-id=\"e6150a2\" data-element_type=\"container\">\n\t\t\t\t<div class=\"elementor-element elementor-element-9b85f4b elementor-widget elementor-widget-image\" data-id=\"9b85f4b\" data-element_type=\"widget\" data-widget_type=\"image.default\">\n\t\t\t\t<div class=\"elementor-widget-container\">\n\t\t\t\t\t\t\t\t\t\t\t\t\t\t\t<img data-opt-id=1425969666  fetchpriority=\"high\" decoding=\"async\" width=\"1366\" height=\"768\" src=\"https:\/\/ml801byv6asm.i.optimole.com\/w:auto\/h:auto\/q:mauto\/f:best\/https:\/\/bahiadronepro.com\/wp-content\/uploads\/2025\/12\/acompanhamento-de-obra.png\" class=\"attachment-full size-full wp-image-1245\" alt=\"acompanhamento de obra\" srcset=\"https:\/\/ml801byv6asm.i.optimole.com\/w:1366\/h:768\/q:mauto\/f:best\/https:\/\/bahiadronepro.com\/wp-content\/uploads\/2025\/12\/acompanhamento-de-obra.png 1366w, https:\/\/ml801byv6asm.i.optimole.com\/w:300\/h:169\/q:mauto\/f:best\/https:\/\/bahiadronepro.com\/wp-content\/uploads\/2025\/12\/acompanhamento-de-obra.png 300w, https:\/\/ml801byv6asm.i.optimole.com\/w:1024\/h:576\/q:mauto\/f:best\/https:\/\/bahiadronepro.com\/wp-content\/uploads\/2025\/12\/acompanhamento-de-obra.png 1024w, https:\/\/ml801byv6asm.i.optimole.com\/w:768\/h:432\/q:mauto\/f:best\/https:\/\/bahiadronepro.com\/wp-content\/uploads\/2025\/12\/acompanhamento-de-obra.png 768w, https:\/\/ml801byv6asm.i.optimole.com\/w:18\/h:10\/q:mauto\/f:best\/dpr:2\/https:\/\/bahiadronepro.com\/wp-content\/uploads\/2025\/12\/acompanhamento-de-obra.png 18w\" sizes=\"(max-width: 1000px) 100vw, 1000px\" title=\"Solu\u00e7\u00f5es de Drone para Engenharia\">\t\t\t\t\t\t\t\t\t\t\t\t\t\t\t<\/div>\n\t\t\t\t<\/div>\n\t\t\t\t<\/div>\n\t\t<div class=\"elementor-element elementor-element-96bd502 e-con-full e-flex e-con e-child\" data-id=\"96bd502\" data-element_type=\"container\">\n\t\t\t\t<div class=\"elementor-element elementor-element-a3059cc elementor-widget-tablet__width-inherit elementor-widget elementor-widget-heading\" data-id=\"a3059cc\" data-element_type=\"widget\" data-widget_type=\"heading.default\">\n\t\t\t\t<div class=\"elementor-widget-container\">\n\t\t\t\t\t<h2 class=\"elementor-heading-title elementor-size-default\"><h2 style=\"font-style: normal;letter-spacing: normal\">Transforme Sua Engenharia com Tecnologia de Ponta<span style=\"font-style: inherit;font-family: Montserrat, sans-serif;font-size: 42px;font-weight: 700;letter-spacing: -1px;white-space: pre-wrap;text-align: left;display: inline !important;float: none\"><\/span><\/h2><\/h2>\t\t\t\t<\/div>\n\t\t\t\t<\/div>\n\t\t\t\t<div class=\"elementor-element elementor-element-1707dfc elementor-widget elementor-widget-text-editor\" data-id=\"1707dfc\" data-element_type=\"widget\" data-widget_type=\"text-editor.default\">\n\t\t\t\t<div class=\"elementor-widget-container\">\n\t\t\t\t\t\t\t\t\t<p>Conhe\u00e7a as vantagens exclusivas da Bahia Drone Pro para projetos de engenharia e constru\u00e7\u00e3o com drones precisos e relat\u00f3rios detalhados.<\/p>\t\t\t\t\t\t\t\t<\/div>\n\t\t\t\t<\/div>\n\t\t\t\t<div class=\"elementor-element elementor-element-ef27828 elementor-widget elementor-widget-text-editor\" data-id=\"ef27828\" data-element_type=\"widget\" data-widget_type=\"text-editor.default\">\n\t\t\t\t<div class=\"elementor-widget-container\">\n\t\t\t\t\t\t\t\t\t<h3 class=\"wp-block-heading has-text-align-center\">Monitoramento Remoto de Obras<\/h3>\t\t\t\t\t\t\t\t<\/div>\n\t\t\t\t<\/div>\n\t\t\t\t<div class=\"elementor-element elementor-element-4f74bc3 elementor-widget elementor-widget-text-editor\" data-id=\"4f74bc3\" data-element_type=\"widget\" data-widget_type=\"text-editor.default\">\n\t\t\t\t<div class=\"elementor-widget-container\">\n\t\t\t\t\t\t\t\t\t<p>Acompanhe o progresso das constru\u00e7\u00f5es \u00e0 dist\u00e2ncia com imagens em tempo real, garantindo decis\u00f5es r\u00e1pidas e redu\u00e7\u00e3o de atrasos no cronograma, garantindo controle total do seu projeto.<\/p>\t\t\t\t\t\t\t\t<\/div>\n\t\t\t\t<\/div>\n\t\t\t\t<div class=\"elementor-element elementor-element-650a9be elementor-widget elementor-widget-text-editor\" data-id=\"650a9be\" data-element_type=\"widget\" data-widget_type=\"text-editor.default\">\n\t\t\t\t<div class=\"elementor-widget-container\">\n\t\t\t\t\t\t\t\t\t<h3 class=\"wp-block-heading\">Relat\u00f3rios Fotogr\u00e1ficos\u00a0 \u00a0 \u00a0 \u00a0 \u00a0 \u00a0 \u00a0 \u00a0 \u00a0 \u00a0 4K<\/h3>\n<p><!-- \/wp:heading --><!-- wp:paragraph {\"align\":\"center\"} --><\/p>\n<p class=\"has-text-align-center\">Documente cada etapa do projeto com imagens em alta resolu\u00e7\u00e3o, facilitando a an\u00e1lise visual e o cumprimento de normas t\u00e9cnicas.<\/p>\t\t\t\t\t\t\t\t<\/div>\n\t\t\t\t<\/div>\n\t\t\t\t<\/div>\n\t\t\t\t\t<\/div>\n\t\t\t\t<\/div>\n\t\t<div class=\"elementor-element elementor-element-dg99tbd e-flex e-con-boxed e-con e-parent\" data-id=\"dg99tbd\" data-element_type=\"container\" data-settings=\"{&quot;background_background&quot;:&quot;classic&quot;}\">\n\t\t\t\t\t<div class=\"e-con-inner\">\n\t\t\t\t<div class=\"elementor-element elementor-element-481e3a0 elementor-widget elementor-widget-heading\" data-id=\"481e3a0\" data-element_type=\"widget\" data-widget_type=\"heading.default\">\n\t\t\t\t<div class=\"elementor-widget-container\">\n\t\t\t\t\t<h2 class=\"elementor-heading-title elementor-size-default\">Por que usar Drone no acompanhamento de Obras?<\/h2>\t\t\t\t<\/div>\n\t\t\t\t<\/div>\n\t\t\t\t\t<\/div>\n\t\t\t\t<\/div>\n\t\t<div class=\"elementor-element elementor-element-rpttc22 e-flex e-con-boxed e-con e-parent\" data-id=\"rpttc22\" data-element_type=\"container\" data-settings=\"{&quot;background_background&quot;:&quot;classic&quot;}\">\n\t\t\t\t\t<div class=\"e-con-inner\">\n\t\t<div class=\"elementor-element elementor-element-1f7f824 e-con-full e-flex e-con e-child\" data-id=\"1f7f824\" data-element_type=\"container\">\n\t\t\t\t<div class=\"elementor-element elementor-element-8a22b56 elementor-widget elementor-widget-heading\" data-id=\"8a22b56\" data-element_type=\"widget\" data-widget_type=\"heading.default\">\n\t\t\t\t<div class=\"elementor-widget-container\">\n\t\t\t\t\t<h2 class=\"elementor-heading-title elementor-size-default\">O que voc\u00ea ganha na pr\u00e1tica?<\/h2>\t\t\t\t<\/div>\n\t\t\t\t<\/div>\n\t\t\t\t<div class=\"elementor-element elementor-element-70b1a4d elementor-widget elementor-widget-text-editor\" data-id=\"70b1a4d\" data-element_type=\"widget\" data-widget_type=\"text-editor.default\">\n\t\t\t\t<div class=\"elementor-widget-container\">\n\t\t\t\t\t\t\t\t\t<p class=\"p1\"><b>1) Vis\u00e3o total do canteiro, em minutos<\/b><\/p>\n<p class=\"p1\"><b>Voo r\u00e1pido e planejado cobre toda a \u00e1rea com imagens a\u00e9reas de alta resolu\u00e7\u00e3o. Voc\u00ea enxerga\u00a0frentes de servi\u00e7o, acessos, estoques, \u00e1reas de risco e interfer\u00eancias\u00a0de uma s\u00f3 vez \u2014 ideal para reuni\u00f5es de obra e decis\u00f5es di\u00e1rias.<\/b><\/p>\t\t\t\t\t\t\t\t<\/div>\n\t\t\t\t<\/div>\n\t\t\t\t<div class=\"elementor-element elementor-element-28e49c8 elementor-widget elementor-widget-text-editor\" data-id=\"28e49c8\" data-element_type=\"widget\" data-widget_type=\"text-editor.default\">\n\t\t\t\t<div class=\"elementor-widget-container\">\n\t\t\t\t\t\t\t\t\t<p class=\"p1\"><b>2) Linha do tempo confi\u00e1vel (antes\/depois)<\/b><\/p>\n<p class=\"p1\"><b>Registramos per\u00edodos-chave, permitindo comparar avan\u00e7o f\u00edsico sem subjetividade. Isso facilita:<\/b><\/p>\n<p class=\"p1\"><b>Presta\u00e7\u00e3o de contas ao cliente\/investidor;<\/b><\/p>\n<p class=\"p1\"><b>Valida\u00e7\u00e3o de medi\u00e7\u00f5es;<\/b><\/p>\n<p class=\"p1\"><b>Divulga\u00e7\u00e3o de marcos da obra (conte\u00fado poderoso para marketing).<\/b><\/p>\t\t\t\t\t\t\t\t<\/div>\n\t\t\t\t<\/div>\n\t\t\t\t<div class=\"elementor-element elementor-element-153b68d elementor-widget elementor-widget-text-editor\" data-id=\"153b68d\" data-element_type=\"widget\" data-widget_type=\"text-editor.default\">\n\t\t\t\t<div class=\"elementor-widget-container\">\n\t\t\t\t\t\t\t\t\t<p class=\"p1\"><b>3) Relat\u00f3rios visuais para progresso e compliance<\/b><\/p>\n<p class=\"p1\"><b>Entregamos\u00a0relat\u00f3rios organizados\u00a0com fotos anotadas, e destaques de n\u00e3o conformidades (acessos, sinaliza\u00e7\u00e3o, conten\u00e7\u00f5es, prote\u00e7\u00f5es coletivas). Isso apoia\u00a0seguran\u00e7a do trabalho, meio ambiente e qualidade, e cria trilha de evid\u00eancias para auditorias.<\/b><\/p>\t\t\t\t\t\t\t\t<\/div>\n\t\t\t\t<\/div>\n\t\t\t\t<\/div>\n\t\t<div class=\"elementor-element elementor-element-07afb6e e-con-full e-flex e-con e-child\" data-id=\"07afb6e\" data-element_type=\"container\">\n\t\t\t\t<div class=\"elementor-element elementor-element-83930a5 elementor-widget elementor-widget-image\" data-id=\"83930a5\" data-element_type=\"widget\" data-widget_type=\"image.default\">\n\t\t\t\t<div class=\"elementor-widget-container\">\n\t\t\t\t\t\t\t\t\t\t\t\t\t\t\t<img data-opt-id=366513540  fetchpriority=\"high\" decoding=\"async\" width=\"1366\" height=\"768\" src=\"https:\/\/ml801byv6asm.i.optimole.com\/w:auto\/h:auto\/q:mauto\/f:best\/https:\/\/bahiadronepro.com\/wp-content\/uploads\/2025\/12\/acompanhamento-de-obras.png\" class=\"attachment-full size-full wp-image-1247\" alt=\"acompanhamento de obras\" srcset=\"https:\/\/ml801byv6asm.i.optimole.com\/w:1366\/h:768\/q:mauto\/f:best\/https:\/\/bahiadronepro.com\/wp-content\/uploads\/2025\/12\/acompanhamento-de-obras.png 1366w, https:\/\/ml801byv6asm.i.optimole.com\/w:300\/h:169\/q:mauto\/f:best\/https:\/\/bahiadronepro.com\/wp-content\/uploads\/2025\/12\/acompanhamento-de-obras.png 300w, https:\/\/ml801byv6asm.i.optimole.com\/w:1024\/h:576\/q:mauto\/f:best\/https:\/\/bahiadronepro.com\/wp-content\/uploads\/2025\/12\/acompanhamento-de-obras.png 1024w, https:\/\/ml801byv6asm.i.optimole.com\/w:768\/h:432\/q:mauto\/f:best\/https:\/\/bahiadronepro.com\/wp-content\/uploads\/2025\/12\/acompanhamento-de-obras.png 768w, https:\/\/ml801byv6asm.i.optimole.com\/w:18\/h:10\/q:mauto\/f:best\/dpr:2\/https:\/\/bahiadronepro.com\/wp-content\/uploads\/2025\/12\/acompanhamento-de-obras.png 18w\" sizes=\"(max-width: 1000px) 100vw, 1000px\" title=\"Solu\u00e7\u00f5es de Drone para Engenharia\">\t\t\t\t\t\t\t\t\t\t\t\t\t\t\t<\/div>\n\t\t\t\t<\/div>\n\t\t\t\t<\/div>\n\t\t\t\t\t<\/div>\n\t\t\t\t<\/div>\n\t\t<div class=\"elementor-element elementor-element-819d139 e-flex e-con-boxed e-con e-parent\" data-id=\"819d139\" data-element_type=\"container\">\n\t\t\t\t\t<div class=\"e-con-inner\">\n\t\t\t\t<div class=\"elementor-element elementor-element-d31865c elementor-button-success elementor-align-center elementor-widget elementor-widget-button\" data-id=\"d31865c\" data-element_type=\"widget\" data-widget_type=\"button.default\">\n\t\t\t\t<div class=\"elementor-widget-container\">\n\t\t\t\t\t\t\t\t\t<div class=\"elementor-button-wrapper\">\n\t\t\t\t\t<a class=\"elementor-button elementor-button-link elementor-size-sm\" href=\"https:\/\/wa.me\/5571996954059?text=Ol%C3%A1%2C%20vim%20pelo%20site%20da%20Bahia%20Drone%20Pro.%20Gostaria%20de%20um%20or%C3%A7amento%20para%20servi%C3%A7os%20em%20obra%2Fengenharia.\" target=\"_blank\">\n\t\t\t\t\t\t<span class=\"elementor-button-content-wrapper\">\n\t\t\t\t\t\t\t\t\t<span class=\"elementor-button-text\">SOLICITE UM OR\u00e7AMENTO<\/span>\n\t\t\t\t\t<\/span>\n\t\t\t\t\t<\/a>\n\t\t\t\t<\/div>\n\t\t\t\t\t\t\t\t<\/div>\n\t\t\t\t<\/div>\n\t\t\t\t\t<\/div>\n\t\t\t\t<\/div>\n\t\t<div class=\"elementor-element elementor-element-kfubes6 e-flex e-con-boxed e-con e-parent\" data-id=\"kfubes6\" data-element_type=\"container\" data-settings=\"{&quot;background_background&quot;:&quot;classic&quot;}\">\n\t\t\t\t\t<div class=\"e-con-inner\">\n\t\t\t\t<div class=\"elementor-element elementor-element-9e5d64b elementor-widget elementor-widget-heading\" data-id=\"9e5d64b\" data-element_type=\"widget\" data-widget_type=\"heading.default\">\n\t\t\t\t<div class=\"elementor-widget-container\">\n\t\t\t\t\t<h2 class=\"elementor-heading-title elementor-size-default\">Redu\u00e7\u00e3o de riscos e de custo operacional\nInspe\u00e7\u00f5es a\u00e9reas substituem acesso a locais altos ou confinados,\u00a0reduzindo exposi\u00e7\u00e3o\u00a0da equipe.\nMenos andaime, menos deslocamento e\u00a0mais rapidez\u00a0para identificar problemas antes que virem retrabalho.<\/h2>\t\t\t\t<\/div>\n\t\t\t\t<\/div>\n\t\t\t\t\t<\/div>\n\t\t\t\t<\/div>\n\t\t<div class=\"elementor-element elementor-element-0dfea12 e-flex e-con-boxed e-con e-parent\" data-id=\"0dfea12\" data-element_type=\"container\">\n\t\t\t\t\t<div class=\"e-con-inner\">\n\t\t\t\t<div class=\"elementor-element elementor-element-0d78206 elementor-widget elementor-widget-image\" data-id=\"0d78206\" data-element_type=\"widget\" data-widget_type=\"image.default\">\n\t\t\t\t<div class=\"elementor-widget-container\">\n\t\t\t\t\t\t\t\t\t\t\t\t\t\t\t<img data-opt-id=774041690  data-opt-src=\"https:\/\/ml801byv6asm.i.optimole.com\/w:1024\/h:576\/q:mauto\/f:best\/https:\/\/bahiadronepro.com\/wp-content\/uploads\/2025\/12\/LOGOS.png\"  decoding=\"async\" width=\"1024\" height=\"576\" src=\"data:image/svg+xml,%3Csvg%20viewBox%3D%220%200%201024%20576%22%20width%3D%221024%22%20height%3D%22576%22%20xmlns%3D%22http%3A%2F%2Fwww.w3.org%2F2000%2Fsvg%22%3E%3Crect%20width%3D%221024%22%20height%3D%22576%22%20fill%3D%22transparent%22%2F%3E%3C%2Fsvg%3E\" class=\"attachment-large size-large wp-image-1248\" alt=\"logos\" old-srcset=\"https:\/\/ml801byv6asm.i.optimole.com\/w:1024\/h:576\/q:mauto\/f:best\/https:\/\/bahiadronepro.com\/wp-content\/uploads\/2025\/12\/LOGOS.png 1024w, https:\/\/ml801byv6asm.i.optimole.com\/w:300\/h:169\/q:mauto\/f:best\/https:\/\/bahiadronepro.com\/wp-content\/uploads\/2025\/12\/LOGOS.png 300w, https:\/\/ml801byv6asm.i.optimole.com\/w:768\/h:432\/q:mauto\/f:best\/https:\/\/bahiadronepro.com\/wp-content\/uploads\/2025\/12\/LOGOS.png 768w, https:\/\/ml801byv6asm.i.optimole.com\/w:18\/h:10\/q:mauto\/f:best\/dpr:2\/https:\/\/bahiadronepro.com\/wp-content\/uploads\/2025\/12\/LOGOS.png 18w, https:\/\/ml801byv6asm.i.optimole.com\/w:1366\/h:768\/q:mauto\/f:best\/https:\/\/bahiadronepro.com\/wp-content\/uploads\/2025\/12\/LOGOS.png 1366w\" title=\"Solu\u00e7\u00f5es de Drone para Engenharia\">\t\t\t\t\t\t\t\t\t\t\t\t\t\t\t<\/div>\n\t\t\t\t<\/div>\n\t\t\t\t\t<\/div>\n\t\t\t\t<\/div>\n\t\t\t\t<\/div>","protected":false},"excerpt":{"rendered":"<p>SOLICITE UM OR\u00e7AMENTO Transforme Sua Engenharia com Tecnologia de Ponta Conhe\u00e7a as vantagens exclusivas da Bahia Drone Pro para projetos de engenharia e constru\u00e7\u00e3o com drones precisos e relat\u00f3rios detalhados. Monitoramento Remoto de Obras Acompanhe o progresso das constru\u00e7\u00f5es \u00e0 dist\u00e2ncia com imagens em tempo real, garantindo decis\u00f5es r\u00e1pidas e redu\u00e7\u00e3o de atrasos no cronograma, [&hellip;]<\/p>","protected":false},"author":1,"featured_media":1246,"parent":0,"menu_order":0,"comment_status":"closed","ping_status":"closed","template":"","meta":{"site-sidebar-layout":"default","site-content-layout":"","ast-site-content-layout":"default","site-content-style":"default","site-sidebar-style":"default","ast-global-header-display":"","ast-banner-title-visibility":"","ast-main-header-display":"","ast-hfb-above-header-display":"","ast-hfb-below-header-display":"","ast-hfb-mobile-header-display":"","site-post-title":"","ast-breadcrumbs-content":"","ast-featured-img":"","footer-sml-layout":"","ast-disable-related-posts":"","theme-transparent-header-meta":"","adv-header-id-meta":"","stick-header-meta":"","header-above-stick-meta":"","header-main-stick-meta":"","header-below-stick-meta":"","astra-migrate-meta-layouts":"default","ast-page-background-enabled":"default","ast-page-background-meta":{"desktop":{"background-color":"","background-image":"","background-repeat":"repeat","background-position":"center center","background-size":"auto","background-attachment":"scroll","background-type":"","background-media":"","overlay-type":"","overlay-color":"","overlay-opacity":"","overlay-gradient":""},"tablet":{"background-color":"","background-image":"","background-repeat":"repeat","background-position":"center center","background-size":"auto","background-attachment":"scroll","background-type":"","background-media":"","overlay-type":"","overlay-color":"","overlay-opacity":"","overlay-gradient":""},"mobile":{"background-color":"","background-image":"","background-repeat":"repeat","background-position":"center center","background-size":"auto","background-attachment":"scroll","background-type":"","background-media":"","overlay-type":"","overlay-color":"","overlay-opacity":"","overlay-gradient":""}},"ast-content-background-meta":{"desktop":{"background-color":"var(--ast-global-color-5)","background-image":"","background-repeat":"repeat","background-position":"center center","background-size":"auto","background-attachment":"scroll","background-type":"","background-media":"","overlay-type":"","overlay-color":"","overlay-opacity":"","overlay-gradient":""},"tablet":{"background-color":"var(--ast-global-color-5)","background-image":"","background-repeat":"repeat","background-position":"center center","background-size":"auto","background-attachment":"scroll","background-type":"","background-media":"","overlay-type":"","overlay-color":"","overlay-opacity":"","overlay-gradient":""},"mobile":{"background-color":"var(--ast-global-color-5)","background-image":"","background-repeat":"repeat","background-position":"center center","background-size":"auto","background-attachment":"scroll","background-type":"","background-media":"","overlay-type":"","overlay-color":"","overlay-opacity":"","overlay-gradient":""}},"_joinchat":[],"footnotes":""},"class_list":["post-352","page","type-page","status-publish","has-post-thumbnail","hentry"],"featured_media_urls":{"thumbnail":["https:\/\/ml801byv6asm.i.optimole.com\/w:150\/h:150\/q:mauto\/rt:fill\/g:ce\/f:best\/https:\/\/bahiadronepro.com\/wp-content\/uploads\/2025\/12\/obra-nova.png",150,150,true],"medium":["https:\/\/ml801byv6asm.i.optimole.com\/w:300\/h:169\/q:mauto\/f:best\/https:\/\/bahiadronepro.com\/wp-content\/uploads\/2025\/12\/obra-nova.png",300,169,true],"medium_large":["https:\/\/ml801byv6asm.i.optimole.com\/w:768\/h:432\/q:mauto\/f:best\/https:\/\/bahiadronepro.com\/wp-content\/uploads\/2025\/12\/obra-nova.png",768,432,true],"large":["https:\/\/ml801byv6asm.i.optimole.com\/w:1024\/h:576\/q:mauto\/f:best\/https:\/\/bahiadronepro.com\/wp-content\/uploads\/2025\/12\/obra-nova.png",1024,576,true],"1536x1536":["https:\/\/ml801byv6asm.i.optimole.com\/w:auto\/h:auto\/q:mauto\/f:best\/https:\/\/bahiadronepro.com\/wp-content\/uploads\/2025\/12\/obra-nova.png",1366,768,false],"2048x2048":["https:\/\/ml801byv6asm.i.optimole.com\/w:auto\/h:auto\/q:mauto\/f:best\/https:\/\/bahiadronepro.com\/wp-content\/uploads\/2025\/12\/obra-nova.png",1366,768,false],"trp-custom-language-flag":["https:\/\/ml801byv6asm.i.optimole.com\/w:18\/h:10\/q:mauto\/f:best\/dpr:2\/https:\/\/bahiadronepro.com\/wp-content\/uploads\/2025\/12\/obra-nova.png",18,10,true],"portfolio_item-thumbnail":["https:\/\/ml801byv6asm.i.optimole.com\/w:auto\/h:auto\/q:mauto\/f:best\/https:\/\/bahiadronepro.com\/wp-content\/uploads\/2025\/12\/obra-nova.png",600,337,false],"portfolio_item-thumbnail@2x":["https:\/\/ml801byv6asm.i.optimole.com\/w:auto\/h:auto\/q:mauto\/f:best\/https:\/\/bahiadronepro.com\/wp-content\/uploads\/2025\/12\/obra-nova.png",1200,675,false],"portfolio_item-masonry":["https:\/\/ml801byv6asm.i.optimole.com\/w:auto\/h:auto\/q:mauto\/f:best\/https:\/\/bahiadronepro.com\/wp-content\/uploads\/2025\/12\/obra-nova.png",600,337,false],"portfolio_item-masonry@2x":["https:\/\/ml801byv6asm.i.optimole.com\/w:auto\/h:auto\/q:mauto\/f:best\/https:\/\/bahiadronepro.com\/wp-content\/uploads\/2025\/12\/obra-nova.png",1200,675,false],"portfolio_item-thumbnail_cinema":["https:\/\/ml801byv6asm.i.optimole.com\/w:auto\/h:auto\/q:mauto\/f:best\/https:\/\/bahiadronepro.com\/wp-content\/uploads\/2025\/12\/obra-nova.png",596,335,false],"portfolio_item-thumbnail_portrait":["https:\/\/ml801byv6asm.i.optimole.com\/w:auto\/h:auto\/q:mauto\/f:best\/https:\/\/bahiadronepro.com\/wp-content\/uploads\/2025\/12\/obra-nova.png",600,337,false],"portfolio_item-thumbnail_portrait@2x":["https:\/\/ml801byv6asm.i.optimole.com\/w:auto\/h:auto\/q:mauto\/f:best\/https:\/\/bahiadronepro.com\/wp-content\/uploads\/2025\/12\/obra-nova.png",1200,675,false],"portfolio_item-thumbnail_square":["https:\/\/ml801byv6asm.i.optimole.com\/w:auto\/h:auto\/q:mauto\/f:best\/https:\/\/bahiadronepro.com\/wp-content\/uploads\/2025\/12\/obra-nova.png",800,450,false]},"_links":{"self":[{"href":"https:\/\/bahiadronepro.com\/pt-br\/wp-json\/wp\/v2\/pages\/352","targetHints":{"allow":["GET"]}}],"collection":[{"href":"https:\/\/bahiadronepro.com\/pt-br\/wp-json\/wp\/v2\/pages"}],"about":[{"href":"https:\/\/bahiadronepro.com\/pt-br\/wp-json\/wp\/v2\/types\/page"}],"author":[{"embeddable":true,"href":"https:\/\/bahiadronepro.com\/pt-br\/wp-json\/wp\/v2\/users\/1"}],"replies":[{"embeddable":true,"href":"https:\/\/bahiadronepro.com\/pt-br\/wp-json\/wp\/v2\/comments?post=352"}],"version-history":[{"count":14,"href":"https:\/\/bahiadronepro.com\/pt-br\/wp-json\/wp\/v2\/pages\/352\/revisions"}],"predecessor-version":[{"id":1465,"href":"https:\/\/bahiadronepro.com\/pt-br\/wp-json\/wp\/v2\/pages\/352\/revisions\/1465"}],"wp:featuredmedia":[{"embeddable":true,"href":"https:\/\/bahiadronepro.com\/pt-br\/wp-json\/wp\/v2\/media\/1246"}],"wp:attachment":[{"href":"https:\/\/bahiadronepro.com\/pt-br\/wp-json\/wp\/v2\/media?parent=352"}],"curies":[{"name":"wp","href":"https:\/\/api.w.org\/{rel}","templated":true}]}}