{"id":228,"date":"2025-10-25T14:36:29","date_gmt":"2025-10-25T14:36:29","guid":{"rendered":"https:\/\/bahiadronepro.com\/?page_id=228"},"modified":"2025-12-25T22:49:06","modified_gmt":"2025-12-25T22:49:06","slug":"novidades","status":"publish","type":"page","link":"https:\/\/bahiadronepro.com\/pt-br\/novidades\/","title":{"rendered":"Not\u00edcias"},"content":{"rendered":"<div data-elementor-type=\"wp-page\" data-elementor-id=\"228\" class=\"elementor elementor-228\">\n\t\t\t\t<div class=\"elementor-element elementor-element-2b81d3c e-flex e-con-boxed e-con e-parent\" data-id=\"2b81d3c\" data-element_type=\"container\">\n\t\t\t\t\t<div class=\"e-con-inner\">\n\t\t\t\t<div class=\"elementor-element elementor-element-49d7107 elementor-align-center elementor-widget elementor-widget-button\" data-id=\"49d7107\" data-element_type=\"widget\" data-widget_type=\"button.default\">\n\t\t\t\t<div class=\"elementor-widget-container\">\n\t\t\t\t\t\t\t\t\t<div class=\"elementor-button-wrapper\">\n\t\t\t\t\t<a class=\"elementor-button elementor-button-link elementor-size-sm\" href=\"https:\/\/wa.me\/5571996954059?text=Ol%C3%A1%2C%20vi%20o%20site%20da%20Bahia%20Drone%20Pro%20e%20gostaria%20de%20tirar%20uma%20d%C3%BAvida.\">\n\t\t\t\t\t\t<span class=\"elementor-button-content-wrapper\">\n\t\t\t\t\t\t\t\t\t<span class=\"elementor-button-text\">FALE AGORA MESMO COM A BAHIA DRONE PRO<\/span>\n\t\t\t\t\t<\/span>\n\t\t\t\t\t<\/a>\n\t\t\t\t<\/div>\n\t\t\t\t\t\t\t\t<\/div>\n\t\t\t\t<\/div>\n\t\t\t\t\t<\/div>\n\t\t\t\t<\/div>\n\t\t<div class=\"elementor-element elementor-element-3f9fcf4c e-flex e-con-boxed e-con e-parent\" data-id=\"3f9fcf4c\" data-element_type=\"container\">\n\t\t\t\t\t<div class=\"e-con-inner\">\n\t\t\t\t<div class=\"elementor-element elementor-element-566a5ad0 elementor-widget elementor-widget-text-editor\" data-id=\"566a5ad0\" data-element_type=\"widget\" data-widget_type=\"text-editor.default\">\n\t\t\t\t<div class=\"elementor-widget-container\">\n\t\t\t\t\t\t\t\t\t<div class=\"feedzy-d9457ed94a1ca5e34d900dc33d487d0f feedzy-rss\">\n<div class=\"rss_header\">\n<h2><a href=\"https:\/\/news.google.com\/search?hl=pt-BR&#038;gl=BR&#038;ceid=BR:pt-419&#038;q=drones+brasil\" class=\"rss_title\" rel=\"noopener\">&#8220;drones brasil&#8221; &#8211; Google Not\u00edcias<\/a> <span class=\"rss_description\"> Google Not\u00edcias<\/span><\/h2>\n<\/div>\n<ul>\n<li  style=\"padding: 15px 0 25px\" class=\"rss_item\"><span class=\"title\"><a href=\"https:\/\/news.google.com\/rss\/articles\/CBMiuwFBVV95cUxNajBXOWNWbmhRXzhqNEtxWXl6bkk1dk4ya1B2QmNLUlN3TU85TVBJbGllTHlYRmM3YlRxcnpjaFI0a1YzdkFzUW5sRTE4a0lOUjZLaDRMalNfVjA5VGxOSWQyZEF0NUFteW5NT0ZnRGpzb3lBdF9DZUZ1c2RKQjctejJielZuMGxKT2l4bnhNUkt0NlB0M1pCNmc4Qy1vUzUtMXl0YTJGNGh3S1RHOVJURUttMktqbVBlOHVJ?oc=5\" target=\"_blank\" rel=\" noopener\">Drones de ataque testados na Ucr\u00e2nia podem ser vendidos para Uni\u00e3o Europeia &#8211; CNN Brasil<\/a><\/span>\n<div class=\"rss_content\" style=\"\"><small>on maio 13, 2026 at 9:26 pm <\/small><\/p>\n<p>Drones de ataque testados na Ucr\u00e2nia podem ser vendidos para Uni\u00e3o Europeia\u00a0\u00a0CNN Brasil<\/p>\n<\/div>\n<\/li>\n<li  style=\"padding: 15px 0 25px\" class=\"rss_item\"><span class=\"title\"><a href=\"https:\/\/news.google.com\/rss\/articles\/CBMiswFBVV95cUxQZFF6cmFMNjR6Ym5ORldwbkZrWlJEZGNuaDFoSzZ3bWVXNTdrd19YZHJON2xpcWdMUnY5ZVBpM2VxTEllOGhRUUFTZG10UWVDVFFYR1NoanFnTkJxTkJzN2JiVGRGem4xbVkxcGRnT3BmOThqLUdIeEh0b3J1MGpkcnF1QTJfTnZhU0h0RDZpTERpWUtaNDRjMUtrSWpuRndBeDNOeEZSTDZSWllTU3JCd3Vqcw?oc=5\" target=\"_blank\" rel=\" noopener\">For\u00e7as da ONU no L\u00edbano dizem que drones do Hezbollah atingiram bases &#8211; CNN Brasil<\/a><\/span>\n<div class=\"rss_content\" style=\"\"><small>on maio 13, 2026 at 3:40 pm <\/small><\/p>\n<p>For\u00e7as da ONU no L\u00edbano dizem que drones do Hezbollah atingiram bases\u00a0\u00a0CNN Brasil<\/p>\n<\/div>\n<\/li>\n<li  style=\"padding: 15px 0 25px\" class=\"rss_item\"><span class=\"title\"><a href=\"https:\/\/news.google.com\/rss\/articles\/CBMirAFBVV95cUxOdzJkRUFYRGh1NkxTX0dlUldhVXRVa09WVUFCWjkzX21RcTNTRGxIdVhrbThublRmN0k2MWpSaU5WVFY2MnBkb0J1Nm52MzRFWXMxUWtLUEFTbjNvOGFSaUpBQ25lNzFWN3RIcmxtSl95aTFqOGNPYUpRYmxza0M0ZlV6elBQbG85Nm9ibFdyMGExRkM2OC01aFkzS3JWei0zcWw2SWxYREZnSU52?oc=5\" target=\"_blank\" rel=\" noopener\">Axia e SAE Brasil promovem competi\u00e7\u00e3o de drones aut\u00f4nomos em SP &#8211; Editora Brasil Energia<\/a><\/span>\n<div class=\"rss_content\" style=\"\"><small>on maio 12, 2026 at 8:08 pm <\/small><\/p>\n<p>Axia e SAE Brasil promovem competi\u00e7\u00e3o de drones aut\u00f4nomos em SP\u00a0\u00a0Editora Brasil Energia<\/p>\n<\/div>\n<\/li>\n<li  style=\"padding: 15px 0 25px\" class=\"rss_item\"><span class=\"title\"><a href=\"https:\/\/news.google.com\/rss\/articles\/CBMiywFBVV95cUxNMFQyRENNSjNzeDcwbmJxVjkxYVBjSnBZVi03bGpSOWhLbWxiWEZiOFEyT2YyUHVpbTZ2d01NVUhKd2ljQnFqNzBFSHFsVld6R1NpNDl6SjVidnQycDd4V3ZnWThjTGpPZGZlaWlkSnRTMGVhOF93MzlURUxQbjdRZzhSVlhuU1hJQTFiOXo4c0FZaURKMzNJSDY0eTZJcmx5V2Y2VUdSdlpxQUVlV1ZuVnladG1kQ1REQ2VHUUZFS2xfVWNBWDRvUENNSdIBywFBVV95cUxNMFQyRENNSjNzeDcwbmJxVjkxYVBjSnBZVi03bGpSOWhLbWxiWEZiOFEyT2YyUHVpbTZ2d01NVUhKd2ljQnFqNzBFSHFsVld6R1NpNDl6SjVidnQycDd4V3ZnWThjTGpPZGZlaWlkSnRTMGVhOF93MzlURUxQbjdRZzhSVlhuU1hJQTFiOXo4c0FZaURKMzNJSDY0eTZJcmx5V2Y2VUdSdlpxQUVlV1ZuVnladG1kQ1REQ2VHUUZFS2xfVWNBWDRvUENNSQ?oc=5\" target=\"_blank\" rel=\" noopener\">Nesta semana, projetos de drones de estudantes ser\u00e3o colocados \u00e0 prova na competi\u00e7\u00e3o EletroQuad SAE BRASIL &#8211; AEROIN<\/a><\/span>\n<div class=\"rss_content\" style=\"\"><small>on maio 12, 2026 at 2:01 pm <\/small><\/p>\n<p>Nesta semana, projetos de drones de estudantes ser\u00e3o colocados \u00e0 prova na competi\u00e7\u00e3o EletroQuad SAE BRASIL\u00a0\u00a0AEROIN<\/p>\n<\/div>\n<\/li>\n<li  style=\"padding: 15px 0 25px\" class=\"rss_item\"><span class=\"title\"><a href=\"https:\/\/news.google.com\/rss\/articles\/CBMiuwFBVV95cUxQdlhZVjJybUZaaFcxSW5KaVhxT2pHblBFYzFLallZSFhKblVFYnJoUmlZNExKQTYtaERsd2VVWldlUUsySG1oQmZWYThQeHlqRWtTWGNmTmR2bllxYmZ3SUlBLUE5ak1MalhmRHNjU1lmamNkYV8yalJaNjZOY09PWjZVNjV4TUlIUGs2UkxvUlhwcFZteHpqeTBtOWNudGp2SGNrcGd1RlNXdVNRTlYtcnNmV1h0dW1nclJr?oc=5\" target=\"_blank\" rel=\" noopener\">Zelensky diz que R\u00fassia encerra o cessar-fogo com novo ataque de 200 drones &#8211; CNN Brasil<\/a><\/span>\n<div class=\"rss_content\" style=\"\"><small>on maio 12, 2026 at 7:07 am <\/small><\/p>\n<p>Zelensky diz que R\u00fassia encerra o cessar-fogo com novo ataque de 200 drones\u00a0\u00a0CNN Brasil<\/p>\n<\/div>\n<\/li>\n<\/ul><\/div>\n<style type=\"text\/css\" media=\"all\">.feedzy-rss .rss_item .rss_image{float:left;position:relative;border:none;text-decoration:none;max-width:100%}.feedzy-rss .rss_item .rss_image span{display:inline-block;position:absolute;width:100%;height:100%;background-position:50%;background-size:cover}.feedzy-rss .rss_item .rss_image{margin:.3em 1em 0 0;content-visibility:auto}.feedzy-rss ul{list-style:none}.feedzy-rss ul li{display:inline-block}<\/style>\n\t\t\t\t\t\t\t\t<\/div>\n\t\t\t\t<\/div>\n\t\t\t\t\t<\/div>\n\t\t\t\t<\/div>\n\t\t<div class=\"elementor-element elementor-element-3b50a3b e-flex e-con-boxed e-con e-parent\" data-id=\"3b50a3b\" data-element_type=\"container\">\n\t\t\t\t\t<div class=\"e-con-inner\">\n\t\t\t\t<div class=\"elementor-element elementor-element-ddd7bdb elementor-widget elementor-widget-shortcode\" data-id=\"ddd7bdb\" data-element_type=\"widget\" data-widget_type=\"shortcode.default\">\n\t\t\t\t<div class=\"elementor-widget-container\">\n\t\t\t\t\t\t\t<div class=\"elementor-shortcode\"><div class='tagembed-widget' style='width:; height:;' data-widget-id='2201483' view-url='https:\/\/widget.tagembed.com\/2201483'><\/div><\/div>\n\t\t\t\t\t\t<\/div>\n\t\t\t\t<\/div>\n\t\t\t\t\t<\/div>\n\t\t\t\t<\/div>\n\t\t<div class=\"elementor-element elementor-element-7b90f26 e-flex e-con-boxed e-con e-parent\" data-id=\"7b90f26\" data-element_type=\"container\">\n\t\t\t\t\t<div class=\"e-con-inner\">\n\t\t\t\t<div class=\"elementor-element elementor-element-6ef0d8b elementor-widget elementor-widget-image\" data-id=\"6ef0d8b\" data-element_type=\"widget\" data-widget_type=\"image.default\">\n\t\t\t\t<div class=\"elementor-widget-container\">\n\t\t\t\t\t\t\t\t\t\t\t\t\t\t\t<img data-opt-id=774041690  fetchpriority=\"high\" decoding=\"async\" width=\"1024\" height=\"576\" src=\"https:\/\/ml801byv6asm.i.optimole.com\/w:1024\/h:576\/q:mauto\/f:best\/https:\/\/bahiadronepro.com\/wp-content\/uploads\/2025\/12\/LOGOS.png\" class=\"attachment-large size-large wp-image-1248\" alt=\"logos\" srcset=\"https:\/\/ml801byv6asm.i.optimole.com\/w:1024\/h:576\/q:mauto\/f:best\/https:\/\/bahiadronepro.com\/wp-content\/uploads\/2025\/12\/LOGOS.png 1024w, https:\/\/ml801byv6asm.i.optimole.com\/w:300\/h:169\/q:mauto\/f:best\/https:\/\/bahiadronepro.com\/wp-content\/uploads\/2025\/12\/LOGOS.png 300w, https:\/\/ml801byv6asm.i.optimole.com\/w:768\/h:432\/q:mauto\/f:best\/https:\/\/bahiadronepro.com\/wp-content\/uploads\/2025\/12\/LOGOS.png 768w, https:\/\/ml801byv6asm.i.optimole.com\/w:18\/h:10\/q:mauto\/f:best\/dpr:2\/https:\/\/bahiadronepro.com\/wp-content\/uploads\/2025\/12\/LOGOS.png 18w, https:\/\/ml801byv6asm.i.optimole.com\/w:1366\/h:768\/q:mauto\/f:best\/https:\/\/bahiadronepro.com\/wp-content\/uploads\/2025\/12\/LOGOS.png 1366w\" sizes=\"(max-width: 1000px) 100vw, 1000px\" title=\"Not\u00edcias\">\t\t\t\t\t\t\t\t\t\t\t\t\t\t\t<\/div>\n\t\t\t\t<\/div>\n\t\t\t\t\t<\/div>\n\t\t\t\t<\/div>\n\t\t\t\t<\/div>","protected":false},"excerpt":{"rendered":"<p>FALE AGORA MESMO COM A BAHIA DRONE PRO<\/p>","protected":false},"author":1,"featured_media":0,"parent":0,"menu_order":0,"comment_status":"closed","ping_status":"closed","template":"","meta":{"site-sidebar-layout":"default","site-content-layout":"","ast-site-content-layout":"default","site-content-style":"default","site-sidebar-style":"default","ast-global-header-display":"","ast-banner-title-visibility":"","ast-main-header-display":"","ast-hfb-above-header-display":"","ast-hfb-below-header-display":"","ast-hfb-mobile-header-display":"","site-post-title":"","ast-breadcrumbs-content":"","ast-featured-img":"","footer-sml-layout":"","ast-disable-related-posts":"","theme-transparent-header-meta":"","adv-header-id-meta":"","stick-header-meta":"","header-above-stick-meta":"","header-main-stick-meta":"","header-below-stick-meta":"","astra-migrate-meta-layouts":"default","ast-page-background-enabled":"default","ast-page-background-meta":{"desktop":{"background-color":"","background-image":"","background-repeat":"repeat","background-position":"center center","background-size":"auto","background-attachment":"scroll","background-type":"","background-media":"","overlay-type":"","overlay-color":"","overlay-opacity":"","overlay-gradient":""},"tablet":{"background-color":"","background-image":"","background-repeat":"repeat","background-position":"center center","background-size":"auto","background-attachment":"scroll","background-type":"","background-media":"","overlay-type":"","overlay-color":"","overlay-opacity":"","overlay-gradient":""},"mobile":{"background-color":"","background-image":"","background-repeat":"repeat","background-position":"center center","background-size":"auto","background-attachment":"scroll","background-type":"","background-media":"","overlay-type":"","overlay-color":"","overlay-opacity":"","overlay-gradient":""}},"ast-content-background-meta":{"desktop":{"background-color":"var(--ast-global-color-5)","background-image":"","background-repeat":"repeat","background-position":"center center","background-size":"auto","background-attachment":"scroll","background-type":"","background-media":"","overlay-type":"","overlay-color":"","overlay-opacity":"","overlay-gradient":""},"tablet":{"background-color":"var(--ast-global-color-5)","background-image":"","background-repeat":"repeat","background-position":"center center","background-size":"auto","background-attachment":"scroll","background-type":"","background-media":"","overlay-type":"","overlay-color":"","overlay-opacity":"","overlay-gradient":""},"mobile":{"background-color":"var(--ast-global-color-5)","background-image":"","background-repeat":"repeat","background-position":"center center","background-size":"auto","background-attachment":"scroll","background-type":"","background-media":"","overlay-type":"","overlay-color":"","overlay-opacity":"","overlay-gradient":""}},"_joinchat":[],"footnotes":""},"class_list":["post-228","page","type-page","status-publish","hentry"],"featured_media_urls":[],"_links":{"self":[{"href":"https:\/\/bahiadronepro.com\/pt-br\/wp-json\/wp\/v2\/pages\/228","targetHints":{"allow":["GET"]}}],"collection":[{"href":"https:\/\/bahiadronepro.com\/pt-br\/wp-json\/wp\/v2\/pages"}],"about":[{"href":"https:\/\/bahiadronepro.com\/pt-br\/wp-json\/wp\/v2\/types\/page"}],"author":[{"embeddable":true,"href":"https:\/\/bahiadronepro.com\/pt-br\/wp-json\/wp\/v2\/users\/1"}],"replies":[{"embeddable":true,"href":"https:\/\/bahiadronepro.com\/pt-br\/wp-json\/wp\/v2\/comments?post=228"}],"version-history":[{"count":15,"href":"https:\/\/bahiadronepro.com\/pt-br\/wp-json\/wp\/v2\/pages\/228\/revisions"}],"predecessor-version":[{"id":1309,"href":"https:\/\/bahiadronepro.com\/pt-br\/wp-json\/wp\/v2\/pages\/228\/revisions\/1309"}],"wp:attachment":[{"href":"https:\/\/bahiadronepro.com\/pt-br\/wp-json\/wp\/v2\/media?parent=228"}],"curies":[{"name":"wp","href":"https:\/\/api.w.org\/{rel}","templated":true}]}}