{"id":1415,"date":"2026-02-08T20:32:57","date_gmt":"2026-02-08T20:32:57","guid":{"rendered":"https:\/\/bahiadronepro.com\/?page_id=1415"},"modified":"2026-02-26T03:18:01","modified_gmt":"2026-02-26T03:18:01","slug":"orcamento-drone","status":"publish","type":"page","link":"https:\/\/bahiadronepro.com\/pt-br\/orcamento-drone\/","title":{"rendered":"Bahia Drone Pro | Fale Conosco"},"content":{"rendered":"<div data-elementor-type=\"wp-page\" data-elementor-id=\"1415\" class=\"elementor elementor-1415\">\n\t\t\t\t<div class=\"elementor-element elementor-element-40b11ebc e-flex e-con-boxed e-con e-parent\" data-id=\"40b11ebc\" data-element_type=\"container\" data-settings=\"{&quot;background_background&quot;:&quot;slideshow&quot;,&quot;background_slideshow_gallery&quot;:[{&quot;id&quot;:1416,&quot;url&quot;:&quot;https:\\/\\/ml801byv6asm.i.optimole.com\\/w:auto\\/h:auto\\/q:mauto\\/f:best\\/https:\\/\\/bahiadronepro.com\\/wp-content\\/uploads\\/2026\\/02\\/dji_fly_20251002_080214_771_1759410518562_photo_optimized-scaled.jpg&quot;}],&quot;background_slideshow_loop&quot;:&quot;yes&quot;,&quot;background_slideshow_slide_duration&quot;:5000,&quot;background_slideshow_slide_transition&quot;:&quot;fade&quot;,&quot;background_slideshow_transition_duration&quot;:500}\">\n\t\t\t\t\t<div class=\"e-con-inner\">\n\t\t\t\t<div class=\"elementor-element elementor-element-6714983c rastrear-whats elementor-widget elementor-widget-text-editor\" data-id=\"6714983c\" data-element_type=\"widget\" data-widget_type=\"text-editor.default\">\n\t\t\t\t<div class=\"elementor-widget-container\">\n\t\t\t\t\t\t\t\t\t\n<div class=\"inherit-container-width wp-block-group alignfull is-style-ext-preset--group--natural-1--section has-background-background-color has-background is-layout-constrained wp-container-core-group-is-layout-18437aeb wp-block-group-is-layout-constrained\" style=\"margin-top: 0; margin-bottom: 0; padding: var(--wp--preset--spacing--70) 0 var(--wp--preset--spacing--70) 0;\">\n<div class=\"wp-block-group alignwide is-style-ext-preset--group--natural-1--item-card-1--align-start is-layout-constrained wp-block-group-is-layout-constrained\">\n<div class=\"wp-block-cover alignwide is-style-ext-preset--cover--natural-1--cover-overlay-1 extendify-image-import is-layout-constrained wp-container-core-cover-is-layout-1c074333 wp-block-cover-is-layout-constrained\" style=\"padding: var(--wp--preset--spacing--50) var(--wp--preset--spacing--30) var(--wp--preset--spacing--50) var(--wp--preset--spacing--30);\">\n<div class=\"wp-block-cover__inner-container\">\n<div class=\"wp-block-group alignwide\" style=\"padding: 0;\">\n<div class=\"wp-block-group\" style=\"padding: 0;\">\n<h2 class=\"wp-block-heading has-text-align-center has-x-large-font-size\" style=\"margin-bottom: 24px;\">\u00a0<\/h2>\n<\/div>\n\n<div class=\"wp-block-buttons is-layout-flex wp-block-buttons-is-layout-flex\">\n<div class=\"wp-block-button is-style-ext-preset--button--natural-1--button-1\">\u00a0 \u00a0 \u00a0 \u00a0 <a class=\"wp-block-button__link wp-element-button\" href=\"https:\/\/api.whatsapp.com\/send?phone=5571996954059&amp;text=Ol\u00e1!%20Vi%20seu%20an\u00fancio%20no%20Google%20e%20gostaria%20de%20um%20or\u00e7amento%20para%20servi\u00e7o%20de%20drone.\" target=\"_blank\" rel=\"noopener\">clique para falar conosco<\/a><\/div>\n<\/div>\n<\/div>\n<\/div>\n<\/div>\n<!-- \/wp:cover --><\/div>\n<!-- \/wp:group --><\/div>\n<!-- \/wp:group -->\t\t\t\t\t\t\t\t<\/div>\n\t\t\t\t<\/div>\n\t\t\t\t\t<\/div>\n\t\t\t\t<\/div>\n\t\t<div class=\"elementor-element elementor-element-4b390ea e-flex e-con-boxed e-con e-parent\" data-id=\"4b390ea\" data-element_type=\"container\">\n\t\t\t\t\t<div class=\"e-con-inner\">\n\t\t\t\t<div class=\"elementor-element elementor-element-22acf92 elementor-widget elementor-widget-image\" data-id=\"22acf92\" data-element_type=\"widget\" data-widget_type=\"image.default\">\n\t\t\t\t<div class=\"elementor-widget-container\">\n\t\t\t\t\t\t\t\t\t\t\t\t\t\t\t<img data-opt-id=774041690  fetchpriority=\"high\" decoding=\"async\" width=\"1024\" height=\"576\" src=\"https:\/\/ml801byv6asm.i.optimole.com\/w:1024\/h:576\/q:mauto\/f:best\/https:\/\/bahiadronepro.com\/wp-content\/uploads\/2025\/12\/LOGOS.png\" class=\"attachment-large size-large wp-image-1248\" alt=\"logos\" srcset=\"https:\/\/ml801byv6asm.i.optimole.com\/w:1024\/h:576\/q:mauto\/f:best\/https:\/\/bahiadronepro.com\/wp-content\/uploads\/2025\/12\/LOGOS.png 1024w, https:\/\/ml801byv6asm.i.optimole.com\/w:300\/h:169\/q:mauto\/f:best\/https:\/\/bahiadronepro.com\/wp-content\/uploads\/2025\/12\/LOGOS.png 300w, https:\/\/ml801byv6asm.i.optimole.com\/w:768\/h:432\/q:mauto\/f:best\/https:\/\/bahiadronepro.com\/wp-content\/uploads\/2025\/12\/LOGOS.png 768w, https:\/\/ml801byv6asm.i.optimole.com\/w:18\/h:10\/q:mauto\/f:best\/dpr:2\/https:\/\/bahiadronepro.com\/wp-content\/uploads\/2025\/12\/LOGOS.png 18w, https:\/\/ml801byv6asm.i.optimole.com\/w:1366\/h:768\/q:mauto\/f:best\/https:\/\/bahiadronepro.com\/wp-content\/uploads\/2025\/12\/LOGOS.png 1366w\" sizes=\"(max-width: 1000px) 100vw, 1000px\" title=\"Bahia Drone Pro | Fale Conosco\">\t\t\t\t\t\t\t\t\t\t\t\t\t\t\t<\/div>\n\t\t\t\t<\/div>\n\t\t\t\t\t<\/div>\n\t\t\t\t<\/div>\n\t\t<div class=\"elementor-element elementor-element-8f3aa85 e-flex e-con-boxed e-con e-parent\" data-id=\"8f3aa85\" data-element_type=\"container\">\n\t\t\t\t\t<div class=\"e-con-inner\">\n\t\t\t\t<div class=\"elementor-element elementor-element-6978e02 elementor-widget elementor-widget-html\" data-id=\"6978e02\" data-element_type=\"widget\" data-widget_type=\"html.default\">\n\t\t\t\t<div class=\"elementor-widget-container\">\n\t\t\t\t\t<script>\ndocument.addEventListener('DOMContentLoaded', function () {\n    \/\/ Escuta qualquer clique que aconte\u00e7a no site inteiro\n    document.body.addEventListener('click', function(event) {\n        \n        \/\/ Verifica se o lugar exato que a pessoa clicou (ou a caixa ao redor) tem a classe do bot\u00e3o\n        var botaoClicado = event.target.closest('.rastrear-whats');\n        \n        if (botaoClicado) {\n            \/\/ Dispara o sinal verde para o Google Ads\n            gtag('event', 'conversion', {\n                'send_to': 'AW-17742645732\/3--3CMzWu_4bEOSTrYxC',\n                'value': 550.0,\n                'currency': 'BRL'\n            });\n        }\n    });\n});\n<\/script>\t\t\t\t<\/div>\n\t\t\t\t<\/div>\n\t\t\t\t\t<\/div>\n\t\t\t\t<\/div>\n\t\t\t\t<\/div>","protected":false},"excerpt":{"rendered":"","protected":false},"author":1,"featured_media":0,"parent":0,"menu_order":0,"comment_status":"closed","ping_status":"closed","template":"","meta":{"site-sidebar-layout":"default","site-content-layout":"","ast-site-content-layout":"default","site-content-style":"default","site-sidebar-style":"default","ast-global-header-display":"","ast-banner-title-visibility":"","ast-main-header-display":"","ast-hfb-above-header-display":"","ast-hfb-below-header-display":"","ast-hfb-mobile-header-display":"","site-post-title":"","ast-breadcrumbs-content":"","ast-featured-img":"","footer-sml-layout":"","ast-disable-related-posts":"","theme-transparent-header-meta":"","adv-header-id-meta":"","stick-header-meta":"","header-above-stick-meta":"","header-main-stick-meta":"","header-below-stick-meta":"","astra-migrate-meta-layouts":"set","ast-page-background-enabled":"default","ast-page-background-meta":{"desktop":{"background-color":"","background-image":"","background-repeat":"repeat","background-position":"center center","background-size":"auto","background-attachment":"scroll","background-type":"","background-media":"","overlay-type":"","overlay-color":"","overlay-opacity":"","overlay-gradient":""},"tablet":{"background-color":"","background-image":"","background-repeat":"repeat","background-position":"center center","background-size":"auto","background-attachment":"scroll","background-type":"","background-media":"","overlay-type":"","overlay-color":"","overlay-opacity":"","overlay-gradient":""},"mobile":{"background-color":"","background-image":"","background-repeat":"repeat","background-position":"center center","background-size":"auto","background-attachment":"scroll","background-type":"","background-media":"","overlay-type":"","overlay-color":"","overlay-opacity":"","overlay-gradient":""}},"ast-content-background-meta":{"desktop":{"background-color":"var(--ast-global-color-5)","background-image":"","background-repeat":"repeat","background-position":"center center","background-size":"auto","background-attachment":"scroll","background-type":"","background-media":"","overlay-type":"","overlay-color":"","overlay-opacity":"","overlay-gradient":""},"tablet":{"background-color":"var(--ast-global-color-5)","background-image":"","background-repeat":"repeat","background-position":"center center","background-size":"auto","background-attachment":"scroll","background-type":"","background-media":"","overlay-type":"","overlay-color":"","overlay-opacity":"","overlay-gradient":""},"mobile":{"background-color":"var(--ast-global-color-5)","background-image":"","background-repeat":"repeat","background-position":"center center","background-size":"auto","background-attachment":"scroll","background-type":"","background-media":"","overlay-type":"","overlay-color":"","overlay-opacity":"","overlay-gradient":""}},"_joinchat":[],"footnotes":""},"class_list":["post-1415","page","type-page","status-publish","hentry"],"featured_media_urls":[],"_links":{"self":[{"href":"https:\/\/bahiadronepro.com\/pt-br\/wp-json\/wp\/v2\/pages\/1415","targetHints":{"allow":["GET"]}}],"collection":[{"href":"https:\/\/bahiadronepro.com\/pt-br\/wp-json\/wp\/v2\/pages"}],"about":[{"href":"https:\/\/bahiadronepro.com\/pt-br\/wp-json\/wp\/v2\/types\/page"}],"author":[{"embeddable":true,"href":"https:\/\/bahiadronepro.com\/pt-br\/wp-json\/wp\/v2\/users\/1"}],"replies":[{"embeddable":true,"href":"https:\/\/bahiadronepro.com\/pt-br\/wp-json\/wp\/v2\/comments?post=1415"}],"version-history":[{"count":33,"href":"https:\/\/bahiadronepro.com\/pt-br\/wp-json\/wp\/v2\/pages\/1415\/revisions"}],"predecessor-version":[{"id":1531,"href":"https:\/\/bahiadronepro.com\/pt-br\/wp-json\/wp\/v2\/pages\/1415\/revisions\/1531"}],"wp:attachment":[{"href":"https:\/\/bahiadronepro.com\/pt-br\/wp-json\/wp\/v2\/media?parent=1415"}],"curies":[{"name":"wp","href":"https:\/\/api.w.org\/{rel}","templated":true}]}}